{"id":40466,"date":"2024-02-21T14:37:59","date_gmt":"2024-02-21T13:37:59","guid":{"rendered":"https:\/\/foretnature.be\/?page_id=40466"},"modified":"2025-05-20T16:51:41","modified_gmt":"2025-05-20T14:51:41","slug":"resultats","status":"publish","type":"page","link":"https:\/\/foretnature.be\/en\/foretnature\/resultats\/","title":{"rendered":"Our results"},"content":{"rendered":"<div data-elementor-type=\"wp-page\" data-elementor-id=\"40466\" class=\"elementor elementor-40466\" data-elementor-post-type=\"page\">\n\t\t\t\t\t\t<section class=\"elementor-section elementor-top-section elementor-element elementor-element-1c58e921 elementor-section-content-bottom elementor-section-height-min-height elementor-section-items-bottom elementor-section-boxed elementor-section-height-default\" data-id=\"1c58e921\" data-element_type=\"section\" data-settings=\"{&quot;background_background&quot;:&quot;classic&quot;}\">\n\t\t\t\t\t\t\t<div class=\"elementor-background-overlay\"><\/div>\n\t\t\t\t\t\t\t<div class=\"elementor-container elementor-column-gap-no\">\n\t\t\t\t\t<div class=\"elementor-column elementor-col-100 elementor-top-column elementor-element elementor-element-58b3218f\" data-id=\"58b3218f\" data-element_type=\"column\" data-settings=\"{&quot;background_background&quot;:&quot;classic&quot;}\">\n\t\t\t<div class=\"elementor-widget-wrap elementor-element-populated\">\n\t\t\t\t\t\t<div class=\"elementor-element elementor-element-74e7070 elementor-widget elementor-widget-heading\" data-id=\"74e7070\" data-element_type=\"widget\" data-widget_type=\"heading.default\">\n\t\t\t\t<div class=\"elementor-widget-container\">\n\t\t\t<style>\/*! elementor - v3.23.0 - 05-08-2024 *\/\n.elementor-heading-title{padding:0;margin:0;line-height:1}.elementor-widget-heading .elementor-heading-title[class*=elementor-size-]>a{color:inherit;font-size:inherit;line-height:inherit}.elementor-widget-heading .elementor-heading-title.elementor-size-small{font-size:15px}.elementor-widget-heading .elementor-heading-title.elementor-size-medium{font-size:19px}.elementor-widget-heading .elementor-heading-title.elementor-size-large{font-size:29px}.elementor-widget-heading .elementor-heading-title.elementor-size-xl{font-size:39px}.elementor-widget-heading .elementor-heading-title.elementor-size-xxl{font-size:59px}<\/style><h2 class=\"elementor-heading-title elementor-size-default\">Our results<\/h2>\t\t<\/div>\n\t\t\t\t<\/div>\n\t\t\t\t\t<\/div>\n\t\t<\/div>\n\t\t\t\t\t<\/div>\n\t\t<\/section>\n\t\t<div class=\"elementor-element elementor-element-88d2005 e-flex e-con-boxed e-con e-parent\" data-id=\"88d2005\" data-element_type=\"container\">\n\t\t\t\t\t<div class=\"e-con-inner\">\n\t\t<div class=\"elementor-element elementor-element-81e5ec7 e-con-full e-flex e-con e-child\" data-id=\"81e5ec7\" data-element_type=\"container\">\n\t\t\t\t<div class=\"elementor-element elementor-element-050af57 elementor-widget elementor-widget-heading\" data-id=\"050af57\" data-element_type=\"widget\" data-widget_type=\"heading.default\">\n\t\t\t\t<div class=\"elementor-widget-container\">\n\t\t\t<h2 class=\"elementor-heading-title elementor-size-default\">At your service!\n<\/h2>\t\t<\/div>\n\t\t\t\t<\/div>\n\t\t\t\t<div class=\"elementor-element elementor-element-e512c17 elementor-widget elementor-widget-text-editor\" data-id=\"e512c17\" data-element_type=\"widget\" data-widget_type=\"text-editor.default\">\n\t\t\t\t<div class=\"elementor-widget-container\">\n\t\t\t<style>\/*! elementor - v3.23.0 - 05-08-2024 *\/\n.elementor-widget-text-editor.elementor-drop-cap-view-stacked .elementor-drop-cap{background-color:#69727d;color:#fff}.elementor-widget-text-editor.elementor-drop-cap-view-framed .elementor-drop-cap{color:#69727d;border:3px solid;background-color:transparent}.elementor-widget-text-editor:not(.elementor-drop-cap-view-default) .elementor-drop-cap{margin-top:8px}.elementor-widget-text-editor:not(.elementor-drop-cap-view-default) .elementor-drop-cap-letter{width:1em;height:1em}.elementor-widget-text-editor .elementor-drop-cap{float:left;text-align:center;line-height:1;font-size:50px}.elementor-widget-text-editor .elementor-drop-cap-letter{display:inline-block}<\/style>\t\t\t\tAre you looking for a reliable partner for training, communications, science popularisation, web, applications or project management to the benefit of living forests?\t\t\t\t\t\t<\/div>\n\t\t\t\t<\/div>\n\t\t\t\t<div class=\"elementor-element elementor-element-7b30d9d elementor-widget elementor-widget-button\" data-id=\"7b30d9d\" data-element_type=\"widget\" data-widget_type=\"button.default\">\n\t\t\t\t<div class=\"elementor-widget-container\">\n\t\t\t\t\t<div class=\"elementor-button-wrapper\">\n\t\t\t<a class=\"elementor-button elementor-button-link elementor-size-sm\" href=\"http:\/\/foretnature.be\/wp-content\/uploads\/2024\/11\/CV-FONA-FR-v2.pdf\" target=\"_blank\">\n\t\t\t\t\t\t<span class=\"elementor-button-content-wrapper\">\n\t\t\t\t\t\t\t\t\t<span class=\"elementor-button-text\">Our service offer<\/span>\n\t\t\t\t\t<\/span>\n\t\t\t\t\t<\/a>\n\t\t<\/div>\n\t\t\t\t<\/div>\n\t\t\t\t<\/div>\n\t\t\t\t<\/div>\n\t\t<div class=\"elementor-element elementor-element-92d3bf3 e-con-full e-flex e-con e-child\" data-id=\"92d3bf3\" data-element_type=\"container\">\n\t\t\t\t<\/div>\n\t\t\t\t\t<\/div>\n\t\t\t\t<\/div>\n\t\t\t\t<section class=\"elementor-section elementor-top-section elementor-element elementor-element-f7eff62 elementor-section-content-middle elementor-section-boxed elementor-section-height-default elementor-section-height-default\" data-id=\"f7eff62\" data-element_type=\"section\">\n\t\t\t\t\t\t<div class=\"elementor-container elementor-column-gap-default\">\n\t\t\t\t\t<div class=\"elementor-column elementor-col-50 elementor-top-column elementor-element elementor-element-aea2a6f\" data-id=\"aea2a6f\" data-element_type=\"column\">\n\t\t\t<div class=\"elementor-widget-wrap elementor-element-populated\">\n\t\t\t\t\t\t<div class=\"elementor-element elementor-element-0e3f32c elementor-widget elementor-widget-heading\" data-id=\"0e3f32c\" data-element_type=\"widget\" data-widget_type=\"heading.default\">\n\t\t\t\t<div class=\"elementor-widget-container\">\n\t\t\t<h2 class=\"elementor-heading-title elementor-size-default\">Rapport d'activit\u00e9s annuel 2024<\/h2>\t\t<\/div>\n\t\t\t\t<\/div>\n\t\t\t\t<div class=\"elementor-element elementor-element-cde8381 elementor-widget__width-initial elementor-widget elementor-widget-text-editor\" data-id=\"cde8381\" data-element_type=\"widget\" data-widget_type=\"text-editor.default\">\n\t\t\t\t<div class=\"elementor-widget-container\">\n\t\t\t\t\t\t\t<p><b>Welcome to For\u00eat.Nature, a not-for-profit organisation with a multidisciplinary team at your disposal.<\/b><\/p><p>Besoin d\u2019un module de formation professionnelle continue en sylviculture sur le terrain ?<br \/>Interested in themed support or tree marking on your plots?<br \/>Are you designing a field tool or system or a web application for foresters?<br \/>Do you need practical support to get into forestry management or CCF?<br \/>Want to participate in R&amp;D in CCF alongside us?<br \/>Are you looking for a communication, publishing or science popularisation partner?<br \/>Organiser un colloque, une enqu\u00eate sociologique, une conf\u00e9rence, un workshop ou une journ\u00e9e d\u2019\u00e9tude ?<\/p><p>There are so many reasons to contact us: we are here to help you<\/p><p>D\u2019ici l\u00e0, d\u00e9couvrez nos m\u00e9tiers, projets et r\u00e9sultats 2024.<\/p>\t\t\t\t\t\t<\/div>\n\t\t\t\t<\/div>\n\t\t\t\t\t<\/div>\n\t\t<\/div>\n\t\t\t\t<div class=\"elementor-column elementor-col-50 elementor-top-column elementor-element elementor-element-948849f\" data-id=\"948849f\" data-element_type=\"column\">\n\t\t\t<div class=\"elementor-widget-wrap elementor-element-populated\">\n\t\t\t\t\t\t<div class=\"elementor-element elementor-element-c325dd7 elementor-widget elementor-widget-image\" data-id=\"c325dd7\" data-element_type=\"widget\" data-widget_type=\"image.default\">\n\t\t\t\t<div class=\"elementor-widget-container\">\n\t\t\t<style>\/*! elementor - v3.23.0 - 05-08-2024 *\/\n.elementor-widget-image{text-align:center}.elementor-widget-image a{display:inline-block}.elementor-widget-image a img[src$=\".svg\"]{width:48px}.elementor-widget-image img{vertical-align:middle;display:inline-block}<\/style>\t\t\t\t\t\t\t\t\t\t<img fetchpriority=\"high\" decoding=\"async\" width=\"800\" height=\"526\" src=\"https:\/\/foretnature.be\/wp-content\/uploads\/2025\/04\/mockup-ra-2024.jpg\" class=\"attachment-large size-large wp-image-45158\" alt=\"\" srcset=\"https:\/\/foretnature.be\/wp-content\/uploads\/2025\/04\/mockup-ra-2024.jpg 1000w, https:\/\/foretnature.be\/wp-content\/uploads\/2025\/04\/mockup-ra-2024-300x197.jpg 300w, https:\/\/foretnature.be\/wp-content\/uploads\/2025\/04\/mockup-ra-2024-768x505.jpg 768w, https:\/\/foretnature.be\/wp-content\/uploads\/2025\/04\/mockup-ra-2024-18x12.jpg 18w\" sizes=\"(max-width: 800px) 100vw, 800px\" \/>\t\t\t\t\t\t\t\t\t\t\t\t\t<\/div>\n\t\t\t\t<\/div>\n\t\t\t\t\t<\/div>\n\t\t<\/div>\n\t\t\t\t\t<\/div>\n\t\t<\/section>\n\t\t\t\t<section class=\"elementor-section elementor-top-section elementor-element elementor-element-3ad25a8 elementor-section-boxed elementor-section-height-default elementor-section-height-default\" data-id=\"3ad25a8\" data-element_type=\"section\">\n\t\t\t\t\t\t<div class=\"elementor-container elementor-column-gap-default\">\n\t\t\t\t\t<div class=\"elementor-column elementor-col-100 elementor-top-column elementor-element elementor-element-a4f009b\" data-id=\"a4f009b\" data-element_type=\"column\">\n\t\t\t<div class=\"elementor-widget-wrap elementor-element-populated\">\n\t\t\t\t\t\t<div class=\"elementor-element elementor-element-6c3df59 elementor-widget elementor-widget-html\" data-id=\"6c3df59\" data-element_type=\"widget\" data-widget_type=\"html.default\">\n\t\t\t\t<div class=\"elementor-widget-container\">\n\t\t\t<div style=\"text-align:center;\"><iframe src=\"\/\/v.calameo.com\/?bkcode=0050558202fc31ba58c0f&mode=mini&view=book&showsharemenu=false&clickto=view&clicktarget=_blank\" \" width=\"1080\" height=\"500\" frameborder=\"0\" scrolling=\"no\" allowtransparency allowfullscreen style=\"margin:0 auto;\"><\/iframe><div style=\"margin:4px 0px 8px;\"><\/div><\/div>\t\t<\/div>\n\t\t\t\t<\/div>\n\t\t\t\t\t<\/div>\n\t\t<\/div>\n\t\t\t\t\t<\/div>\n\t\t<\/section>\n\t\t\t\t<section class=\"elementor-section elementor-top-section elementor-element elementor-element-64da9ef elementor-section-boxed elementor-section-height-default elementor-section-height-default\" data-id=\"64da9ef\" data-element_type=\"section\">\n\t\t\t\t\t\t<div class=\"elementor-container elementor-column-gap-default\">\n\t\t\t\t\t<div class=\"elementor-column elementor-col-100 elementor-top-column elementor-element elementor-element-593ba85\" data-id=\"593ba85\" data-element_type=\"column\">\n\t\t\t<div class=\"elementor-widget-wrap elementor-element-populated\">\n\t\t\t\t\t\t<div class=\"elementor-element elementor-element-0ef9d40 elementor-widget elementor-widget-heading\" data-id=\"0ef9d40\" data-element_type=\"widget\" data-widget_type=\"heading.default\">\n\t\t\t\t<div class=\"elementor-widget-container\">\n\t\t\t<h2 class=\"elementor-heading-title elementor-size-default\">Rapport <span style=\"color: var( --e-global-color-primary ); font-family: var( --e-global-typography-7fdd4b4-font-family ), Sans-serif; font-size: var( --e-global-typography-7fdd4b4-font-size ); font-weight: var( --e-global-typography-7fdd4b4-font-weight );\">d'activit\u00e9s <\/span><span style=\"color: var( --e-global-color-primary ); font-family: var( --e-global-typography-7fdd4b4-font-family ), Sans-serif; font-size: var( --e-global-typography-7fdd4b4-font-size ); font-weight: var( --e-global-typography-7fdd4b4-font-weight ); letter-spacing: var( --e-global-typography-7fdd4b4-letter-spacing ); text-transform: var( --e-global-typography-7fdd4b4-text-transform ); word-spacing: var( --e-global-typography-7fdd4b4-word-spacing );\">annuel 2023<\/span><\/h2>\t\t<\/div>\n\t\t\t\t<\/div>\n\t\t\t\t\t<\/div>\n\t\t<\/div>\n\t\t\t\t\t<\/div>\n\t\t<\/section>\n\t\t\t\t<section class=\"elementor-section elementor-top-section elementor-element elementor-element-2cc8b50 elementor-section-boxed elementor-section-height-default elementor-section-height-default\" data-id=\"2cc8b50\" data-element_type=\"section\">\n\t\t\t\t\t\t<div class=\"elementor-container elementor-column-gap-default\">\n\t\t\t\t\t<div class=\"elementor-column elementor-col-100 elementor-top-column elementor-element elementor-element-8053b00\" data-id=\"8053b00\" data-element_type=\"column\">\n\t\t\t<div class=\"elementor-widget-wrap elementor-element-populated\">\n\t\t\t\t\t\t<div class=\"elementor-element elementor-element-d435d10 elementor-widget elementor-widget-html\" data-id=\"d435d10\" data-element_type=\"widget\" data-widget_type=\"html.default\">\n\t\t\t\t<div class=\"elementor-widget-container\">\n\t\t\t<div style=\"text-align:center;\"><iframe src=\"\/\/v.calameo.com\/?bkcode=005055820578560ece63c&mode=mini&view=book&showsharemenu=false&clickto=view&clicktarget=_blank\" \" width=\"1080\" height=\"500\" frameborder=\"0\" scrolling=\"no\" allowtransparency allowfullscreen style=\"margin:0 auto;\"><\/iframe><div style=\"margin:4px 0px 8px;\"><\/div><\/div>\t\t<\/div>\n\t\t\t\t<\/div>\n\t\t\t\t\t<\/div>\n\t\t<\/div>\n\t\t\t\t\t<\/div>\n\t\t<\/section>\n\t\t\t\t<\/div>","protected":false},"excerpt":{"rendered":"<p>Nos diff\u00e9rents partenaires belges et internationaux, avec qui nous entretenons une collaboration<\/p>","protected":false},"author":2,"featured_media":40467,"parent":28875,"menu_order":0,"comment_status":"closed","ping_status":"closed","template":"","meta":{"_acf_changed":false,"_monsterinsights_skip_tracking":false,"_monsterinsights_sitenote_active":false,"_monsterinsights_sitenote_note":"","_monsterinsights_sitenote_category":0,"footnotes":""},"acf":[],"yoast_head":"<!-- This site is optimized with the Yoast SEO plugin v23.2 - https:\/\/yoast.com\/wordpress\/plugins\/seo\/ -->\n<title>Nos r\u00e9sultats - For\u00eat.Nature<\/title>\n<meta name=\"description\" content=\"Consultez nos rapports d&#039;activit\u00e9s annuels\" \/>\n<meta name=\"robots\" content=\"index, follow, max-snippet:-1, max-image-preview:large, max-video-preview:-1\" \/>\n<link rel=\"canonical\" href=\"https:\/\/foretnature.be\/en\/foretnature\/resultats\/\" \/>\n<meta property=\"og:locale\" content=\"en_GB\" \/>\n<meta property=\"og:type\" content=\"article\" \/>\n<meta property=\"og:title\" content=\"Nos r\u00e9sultats - For\u00eat.Nature\" \/>\n<meta property=\"og:description\" content=\"Consultez nos rapports d&#039;activit\u00e9s annuels\" \/>\n<meta property=\"og:url\" content=\"https:\/\/foretnature.be\/en\/foretnature\/resultats\/\" \/>\n<meta property=\"og:site_name\" content=\"For\u00eat.Nature\" \/>\n<meta property=\"article:modified_time\" content=\"2025-05-20T14:51:41+00:00\" \/>\n<meta property=\"og:image\" content=\"https:\/\/foretnature.be\/wp-content\/uploads\/2024\/02\/mockup-ra-2023.jpg\" \/>\n\t<meta property=\"og:image:width\" content=\"1600\" \/>\n\t<meta property=\"og:image:height\" content=\"1053\" \/>\n\t<meta property=\"og:image:type\" content=\"image\/jpeg\" \/>\n<meta name=\"twitter:card\" content=\"summary_large_image\" \/>\n<meta name=\"twitter:label1\" content=\"Estimated reading time\" \/>\n\t<meta name=\"twitter:data1\" content=\"2 minutes\" \/>\n<script type=\"application\/ld+json\" class=\"yoast-schema-graph\">{\"@context\":\"https:\/\/schema.org\",\"@graph\":[{\"@type\":\"WebPage\",\"@id\":\"https:\/\/foretnature.be\/en\/foretnature\/resultats\/\",\"url\":\"https:\/\/foretnature.be\/en\/foretnature\/resultats\/\",\"name\":\"Nos r\u00e9sultats - For\u00eat.Nature\",\"isPartOf\":{\"@id\":\"https:\/\/foretnature.be\/en\/#website\"},\"primaryImageOfPage\":{\"@id\":\"https:\/\/foretnature.be\/en\/foretnature\/resultats\/#primaryimage\"},\"image\":{\"@id\":\"https:\/\/foretnature.be\/en\/foretnature\/resultats\/#primaryimage\"},\"thumbnailUrl\":\"https:\/\/foretnature.be\/wp-content\/uploads\/2024\/02\/mockup-ra-2023.jpg\",\"datePublished\":\"2024-02-21T13:37:59+00:00\",\"dateModified\":\"2025-05-20T14:51:41+00:00\",\"description\":\"Consultez nos rapports d'activit\u00e9s annuels\",\"breadcrumb\":{\"@id\":\"https:\/\/foretnature.be\/en\/foretnature\/resultats\/#breadcrumb\"},\"inLanguage\":\"en-GB\",\"potentialAction\":[{\"@type\":\"ReadAction\",\"target\":[\"https:\/\/foretnature.be\/en\/foretnature\/resultats\/\"]}]},{\"@type\":\"ImageObject\",\"inLanguage\":\"en-GB\",\"@id\":\"https:\/\/foretnature.be\/en\/foretnature\/resultats\/#primaryimage\",\"url\":\"https:\/\/foretnature.be\/wp-content\/uploads\/2024\/02\/mockup-ra-2023.jpg\",\"contentUrl\":\"https:\/\/foretnature.be\/wp-content\/uploads\/2024\/02\/mockup-ra-2023.jpg\",\"width\":1600,\"height\":1053,\"caption\":\"mockups-design.com\"},{\"@type\":\"BreadcrumbList\",\"@id\":\"https:\/\/foretnature.be\/en\/foretnature\/resultats\/#breadcrumb\",\"itemListElement\":[{\"@type\":\"ListItem\",\"position\":1,\"name\":\"Home\",\"item\":\"https:\/\/foretnature.be\/en\/\"},{\"@type\":\"ListItem\",\"position\":2,\"name\":\"Home\",\"item\":\"https:\/\/foretnature.be\/en\/\"},{\"@type\":\"ListItem\",\"position\":3,\"name\":\"Nos r\u00e9sultats\"}]},{\"@type\":\"WebSite\",\"@id\":\"https:\/\/foretnature.be\/en\/#website\",\"url\":\"https:\/\/foretnature.be\/en\/\",\"name\":\"For\u00eat.Nature\",\"description\":\"Une \u00e9quipe technique au service de la for\u00eat\",\"publisher\":{\"@id\":\"https:\/\/foretnature.be\/en\/#organization\"},\"potentialAction\":[{\"@type\":\"SearchAction\",\"target\":{\"@type\":\"EntryPoint\",\"urlTemplate\":\"https:\/\/foretnature.be\/en\/?s={search_term_string}\"},\"query-input\":\"required name=search_term_string\"}],\"inLanguage\":\"en-GB\"},{\"@type\":\"Organization\",\"@id\":\"https:\/\/foretnature.be\/en\/#organization\",\"name\":\"For\u00eat.Nature\",\"url\":\"https:\/\/foretnature.be\/en\/\",\"logo\":{\"@type\":\"ImageObject\",\"inLanguage\":\"en-GB\",\"@id\":\"https:\/\/foretnature.be\/en\/#\/schema\/logo\/image\/\",\"url\":\"https:\/\/foretnature.be\/wp-content\/uploads\/2021\/01\/logoFOblanc.png\",\"contentUrl\":\"https:\/\/foretnature.be\/wp-content\/uploads\/2021\/01\/logoFOblanc.png\",\"width\":300,\"height\":151,\"caption\":\"For\u00eat.Nature\"},\"image\":{\"@id\":\"https:\/\/foretnature.be\/en\/#\/schema\/logo\/image\/\"}}]}<\/script>\n<!-- \/ Yoast SEO plugin. -->","yoast_head_json":{"title":"Nos r\u00e9sultats - For\u00eat.Nature","description":"Consultez nos rapports d'activit\u00e9s annuels","robots":{"index":"index","follow":"follow","max-snippet":"max-snippet:-1","max-image-preview":"max-image-preview:large","max-video-preview":"max-video-preview:-1"},"canonical":"https:\/\/foretnature.be\/en\/foretnature\/resultats\/","og_locale":"en_GB","og_type":"article","og_title":"Nos r\u00e9sultats - For\u00eat.Nature","og_description":"Consultez nos rapports d'activit\u00e9s annuels","og_url":"https:\/\/foretnature.be\/en\/foretnature\/resultats\/","og_site_name":"For\u00eat.Nature","article_modified_time":"2025-05-20T14:51:41+00:00","og_image":[{"width":1600,"height":1053,"url":"https:\/\/foretnature.be\/wp-content\/uploads\/2024\/02\/mockup-ra-2023.jpg","type":"image\/jpeg"}],"twitter_card":"summary_large_image","twitter_misc":{"Estimated reading time":"2 minutes"},"schema":{"@context":"https:\/\/schema.org","@graph":[{"@type":"WebPage","@id":"https:\/\/foretnature.be\/en\/foretnature\/resultats\/","url":"https:\/\/foretnature.be\/en\/foretnature\/resultats\/","name":"Nos r\u00e9sultats - For\u00eat.Nature","isPartOf":{"@id":"https:\/\/foretnature.be\/en\/#website"},"primaryImageOfPage":{"@id":"https:\/\/foretnature.be\/en\/foretnature\/resultats\/#primaryimage"},"image":{"@id":"https:\/\/foretnature.be\/en\/foretnature\/resultats\/#primaryimage"},"thumbnailUrl":"https:\/\/foretnature.be\/wp-content\/uploads\/2024\/02\/mockup-ra-2023.jpg","datePublished":"2024-02-21T13:37:59+00:00","dateModified":"2025-05-20T14:51:41+00:00","description":"Consultez nos rapports d'activit\u00e9s annuels","breadcrumb":{"@id":"https:\/\/foretnature.be\/en\/foretnature\/resultats\/#breadcrumb"},"inLanguage":"en-GB","potentialAction":[{"@type":"ReadAction","target":["https:\/\/foretnature.be\/en\/foretnature\/resultats\/"]}]},{"@type":"ImageObject","inLanguage":"en-GB","@id":"https:\/\/foretnature.be\/en\/foretnature\/resultats\/#primaryimage","url":"https:\/\/foretnature.be\/wp-content\/uploads\/2024\/02\/mockup-ra-2023.jpg","contentUrl":"https:\/\/foretnature.be\/wp-content\/uploads\/2024\/02\/mockup-ra-2023.jpg","width":1600,"height":1053,"caption":"mockups-design.com"},{"@type":"BreadcrumbList","@id":"https:\/\/foretnature.be\/en\/foretnature\/resultats\/#breadcrumb","itemListElement":[{"@type":"ListItem","position":1,"name":"Home","item":"https:\/\/foretnature.be\/en\/"},{"@type":"ListItem","position":2,"name":"Home","item":"https:\/\/foretnature.be\/en\/"},{"@type":"ListItem","position":3,"name":"Nos r\u00e9sultats"}]},{"@type":"WebSite","@id":"https:\/\/foretnature.be\/en\/#website","url":"https:\/\/foretnature.be\/en\/","name":"For\u00eat.Nature","description":"Une \u00e9quipe technique au service de la for\u00eat","publisher":{"@id":"https:\/\/foretnature.be\/en\/#organization"},"potentialAction":[{"@type":"SearchAction","target":{"@type":"EntryPoint","urlTemplate":"https:\/\/foretnature.be\/en\/?s={search_term_string}"},"query-input":"required name=search_term_string"}],"inLanguage":"en-GB"},{"@type":"Organization","@id":"https:\/\/foretnature.be\/en\/#organization","name":"For\u00eat.Nature","url":"https:\/\/foretnature.be\/en\/","logo":{"@type":"ImageObject","inLanguage":"en-GB","@id":"https:\/\/foretnature.be\/en\/#\/schema\/logo\/image\/","url":"https:\/\/foretnature.be\/wp-content\/uploads\/2021\/01\/logoFOblanc.png","contentUrl":"https:\/\/foretnature.be\/wp-content\/uploads\/2021\/01\/logoFOblanc.png","width":300,"height":151,"caption":"For\u00eat.Nature"},"image":{"@id":"https:\/\/foretnature.be\/en\/#\/schema\/logo\/image\/"}}]}},"_links":{"self":[{"href":"https:\/\/foretnature.be\/en\/wp-json\/wp\/v2\/pages\/40466"}],"collection":[{"href":"https:\/\/foretnature.be\/en\/wp-json\/wp\/v2\/pages"}],"about":[{"href":"https:\/\/foretnature.be\/en\/wp-json\/wp\/v2\/types\/page"}],"author":[{"embeddable":true,"href":"https:\/\/foretnature.be\/en\/wp-json\/wp\/v2\/users\/2"}],"replies":[{"embeddable":true,"href":"https:\/\/foretnature.be\/en\/wp-json\/wp\/v2\/comments?post=40466"}],"version-history":[{"count":49,"href":"https:\/\/foretnature.be\/en\/wp-json\/wp\/v2\/pages\/40466\/revisions"}],"predecessor-version":[{"id":45407,"href":"https:\/\/foretnature.be\/en\/wp-json\/wp\/v2\/pages\/40466\/revisions\/45407"}],"up":[{"embeddable":true,"href":"https:\/\/foretnature.be\/en\/wp-json\/wp\/v2\/pages\/28875"}],"wp:featuredmedia":[{"embeddable":true,"href":"https:\/\/foretnature.be\/en\/wp-json\/wp\/v2\/media\/40467"}],"wp:attachment":[{"href":"https:\/\/foretnature.be\/en\/wp-json\/wp\/v2\/media?parent=40466"}],"curies":[{"name":"wp","href":"https:\/\/api.w.org\/{rel}","templated":true}]}}