{"id":39279,"date":"2023-03-28T13:09:03","date_gmt":"2023-03-28T11:09:03","guid":{"rendered":"https:\/\/foretnature.be\/?page_id=39279"},"modified":"2023-03-28T13:09:36","modified_gmt":"2023-03-28T11:09:36","slug":"recherche-et-developpement","status":"publish","type":"page","link":"https:\/\/foretnature.be\/en\/recherche-et-developpement\/","title":{"rendered":"Recherche et d\u00e9veloppement"},"content":{"rendered":"<div data-elementor-type=\"wp-page\" data-elementor-id=\"39279\" class=\"elementor elementor-39279\" data-elementor-post-type=\"page\">\n\t\t\t\t\t\t<section class=\"elementor-section elementor-top-section elementor-element elementor-element-28ecae6 elementor-section-content-bottom elementor-section-height-min-height elementor-section-items-bottom elementor-section-boxed elementor-section-height-default\" data-id=\"28ecae6\" data-element_type=\"section\" data-settings=\"{&quot;background_background&quot;:&quot;classic&quot;}\">\n\t\t\t\t\t\t\t<div class=\"elementor-background-overlay\"><\/div>\n\t\t\t\t\t\t\t<div class=\"elementor-container elementor-column-gap-no\">\n\t\t\t\t\t<div class=\"elementor-column elementor-col-100 elementor-top-column elementor-element elementor-element-538cf5b\" data-id=\"538cf5b\" data-element_type=\"column\" data-settings=\"{&quot;background_background&quot;:&quot;classic&quot;}\">\n\t\t\t<div class=\"elementor-widget-wrap elementor-element-populated\">\n\t\t\t\t\t\t<div class=\"elementor-element elementor-element-1aa444c elementor-widget elementor-widget-heading\" data-id=\"1aa444c\" data-element_type=\"widget\" data-widget_type=\"heading.default\">\n\t\t\t\t<div class=\"elementor-widget-container\">\n\t\t\t<style>\/*! elementor - v3.23.0 - 05-08-2024 *\/\n.elementor-heading-title{padding:0;margin:0;line-height:1}.elementor-widget-heading .elementor-heading-title[class*=elementor-size-]>a{color:inherit;font-size:inherit;line-height:inherit}.elementor-widget-heading .elementor-heading-title.elementor-size-small{font-size:15px}.elementor-widget-heading .elementor-heading-title.elementor-size-medium{font-size:19px}.elementor-widget-heading .elementor-heading-title.elementor-size-large{font-size:29px}.elementor-widget-heading .elementor-heading-title.elementor-size-xl{font-size:39px}.elementor-widget-heading .elementor-heading-title.elementor-size-xxl{font-size:59px}<\/style><h2 class=\"elementor-heading-title elementor-size-default\">Recherche et d\u00e9veloppement<\/h2>\t\t<\/div>\n\t\t\t\t<\/div>\n\t\t\t\t\t<\/div>\n\t\t<\/div>\n\t\t\t\t\t<\/div>\n\t\t<\/section>\n\t\t\t\t<section class=\"elementor-section elementor-top-section elementor-element elementor-element-c391259 elementor-section-boxed elementor-section-height-default elementor-section-height-default\" data-id=\"c391259\" data-element_type=\"section\">\n\t\t\t\t\t\t<div class=\"elementor-container elementor-column-gap-default\">\n\t\t\t\t\t<div class=\"elementor-column elementor-col-100 elementor-top-column elementor-element elementor-element-ec396d7\" data-id=\"ec396d7\" data-element_type=\"column\">\n\t\t\t<div class=\"elementor-widget-wrap elementor-element-populated\">\n\t\t\t\t\t\t<div class=\"elementor-element elementor-element-39feb02 elementor-widget elementor-widget-heading\" data-id=\"39feb02\" data-element_type=\"widget\" data-widget_type=\"heading.default\">\n\t\t\t\t<div class=\"elementor-widget-container\">\n\t\t\t<h2 class=\"elementor-heading-title elementor-size-default\">La R&amp;D fait partie des activit\u00e9s de For\u00eat.Nature dans les th\u00e9matiques suivantes :<\/h2>\t\t<\/div>\n\t\t\t\t<\/div>\n\t\t\t\t\t<\/div>\n\t\t<\/div>\n\t\t\t\t\t<\/div>\n\t\t<\/section>\n\t\t\t\t<section class=\"elementor-section elementor-top-section elementor-element elementor-element-e30e466 elementor-section-content-middle elementor-section-boxed elementor-section-height-default elementor-section-height-default\" data-id=\"e30e466\" data-element_type=\"section\" data-settings=\"{&quot;background_background&quot;:&quot;classic&quot;}\">\n\t\t\t\t\t\t<div class=\"elementor-container elementor-column-gap-default\">\n\t\t\t\t\t<div class=\"elementor-column elementor-col-25 elementor-top-column elementor-element elementor-element-75650d5\" data-id=\"75650d5\" data-element_type=\"column\">\n\t\t\t<div class=\"elementor-widget-wrap elementor-element-populated\">\n\t\t\t\t\t\t<div class=\"elementor-element elementor-element-b15e9be elementor-widget elementor-widget-heading\" data-id=\"b15e9be\" data-element_type=\"widget\" data-widget_type=\"heading.default\">\n\t\t\t\t<div class=\"elementor-widget-container\">\n\t\t\t<h2 class=\"elementor-heading-title elementor-size-default\">D\u00e9veloppement et mise en \u0153uvre de la sylviculture m\u00e9lang\u00e9e \u00e0 couvert continu (SMCC)<\/h2>\t\t<\/div>\n\t\t\t\t<\/div>\n\t\t\t\t\t<\/div>\n\t\t<\/div>\n\t\t\t\t<div class=\"elementor-column elementor-col-25 elementor-top-column elementor-element elementor-element-e7ad96a\" data-id=\"e7ad96a\" data-element_type=\"column\">\n\t\t\t<div class=\"elementor-widget-wrap elementor-element-populated\">\n\t\t\t\t\t\t<div class=\"elementor-element elementor-element-d4157a9 elementor-widget elementor-widget-heading\" data-id=\"d4157a9\" data-element_type=\"widget\" data-widget_type=\"heading.default\">\n\t\t\t\t<div class=\"elementor-widget-container\">\n\t\t\t<h2 class=\"elementor-heading-title elementor-size-default\">P\u00e9dologie, conditions bioclimatiques et aptitudes stationnelles avec<\/h2>\t\t<\/div>\n\t\t\t\t<\/div>\n\t\t\t\t<div class=\"elementor-element elementor-element-43334bd elementor-widget elementor-widget-heading\" data-id=\"43334bd\" data-element_type=\"widget\" data-widget_type=\"heading.default\">\n\t\t\t\t<div class=\"elementor-widget-container\">\n\t\t\t<h2 class=\"elementor-heading-title elementor-size-default\"><a href=\"http:\/\/fichierecologique.be\" target=\"_blank\">fichierecologique.be<\/a><\/h2>\t\t<\/div>\n\t\t\t\t<\/div>\n\t\t\t\t<div class=\"elementor-element elementor-element-ad6e786 elementor-widget elementor-widget-heading\" data-id=\"ad6e786\" data-element_type=\"widget\" data-widget_type=\"heading.default\">\n\t\t\t\t<div class=\"elementor-widget-container\">\n\t\t\t<h2 class=\"elementor-heading-title elementor-size-default\"><a href=\"http:\/\/fichierecologique.lu\" target=\"_blank\">fichierecologique.lu<\/a><\/h2>\t\t<\/div>\n\t\t\t\t<\/div>\n\t\t\t\t\t<\/div>\n\t\t<\/div>\n\t\t\t\t<div class=\"elementor-column elementor-col-25 elementor-top-column elementor-element elementor-element-ebf1808\" data-id=\"ebf1808\" data-element_type=\"column\">\n\t\t\t<div class=\"elementor-widget-wrap elementor-element-populated\">\n\t\t\t\t\t\t<div class=\"elementor-element elementor-element-3d373f0 elementor-widget elementor-widget-heading\" data-id=\"3d373f0\" data-element_type=\"widget\" data-widget_type=\"heading.default\">\n\t\t\t\t<div class=\"elementor-widget-container\">\n\t\t\t<h2 class=\"elementor-heading-title elementor-size-default\">Flore foresti\u00e8re et indications p\u00e9dologiques<\/h2>\t\t<\/div>\n\t\t\t\t<\/div>\n\t\t\t\t\t<\/div>\n\t\t<\/div>\n\t\t\t\t<div class=\"elementor-column elementor-col-25 elementor-top-column elementor-element elementor-element-2472038\" data-id=\"2472038\" data-element_type=\"column\">\n\t\t\t<div class=\"elementor-widget-wrap elementor-element-populated\">\n\t\t\t\t\t\t<div class=\"elementor-element elementor-element-9ee4e4b elementor-widget elementor-widget-heading\" data-id=\"9ee4e4b\" data-element_type=\"widget\" data-widget_type=\"heading.default\">\n\t\t\t\t<div class=\"elementor-widget-container\">\n\t\t\t<h2 class=\"elementor-heading-title elementor-size-default\">Cr\u00e9ation de dispositifs techniques ou de suivi scientifique<\/h2>\t\t<\/div>\n\t\t\t\t<\/div>\n\t\t\t\t\t<\/div>\n\t\t<\/div>\n\t\t\t\t\t<\/div>\n\t\t<\/section>\n\t\t\t\t<section class=\"elementor-section elementor-top-section elementor-element elementor-element-ec8073d elementor-section-boxed elementor-section-height-default elementor-section-height-default\" data-id=\"ec8073d\" data-element_type=\"section\" data-settings=\"{&quot;background_background&quot;:&quot;classic&quot;}\">\n\t\t\t\t\t\t<div class=\"elementor-container elementor-column-gap-default\">\n\t\t\t\t\t<div class=\"elementor-column elementor-col-100 elementor-top-column elementor-element elementor-element-6bc6792\" data-id=\"6bc6792\" data-element_type=\"column\">\n\t\t\t<div class=\"elementor-widget-wrap elementor-element-populated\">\n\t\t\t\t\t\t<div class=\"elementor-element elementor-element-704d6a0 elementor-widget elementor-widget-heading\" data-id=\"704d6a0\" data-element_type=\"widget\" data-widget_type=\"heading.default\">\n\t\t\t\t<div class=\"elementor-widget-container\">\n\t\t\t<h2 class=\"elementor-heading-title elementor-size-default\">Ce travail se fait dans le cadre du \u00ab Plan quinquennal de recherches et vulgarisation foresti\u00e8res \u00bb en collaboration avec nos partenaires scientifiques : UCLouvain, ULi\u00e8ge et CRA-W.\nMais \u00e9galement dans le cadre des conventions \u00ab Mise en \u0153uvre de la sylviculture m\u00e9lang\u00e9e \u00e0 couvert continu \u00bb depuis 2013, \u00ab Fichier \u00c9cologique des Essences \u00bb depuis 2018 ou Askafor 2021-2022 (projet IR UE Grande R\u00e9gion).\n\n<\/h2>\t\t<\/div>\n\t\t\t\t<\/div>\n\t\t\t\t\t<\/div>\n\t\t<\/div>\n\t\t\t\t\t<\/div>\n\t\t<\/section>\n\t\t\t\t<section class=\"elementor-section elementor-top-section elementor-element elementor-element-5c73320 elementor-section-boxed elementor-section-height-default elementor-section-height-default\" data-id=\"5c73320\" data-element_type=\"section\">\n\t\t\t\t\t\t<div class=\"elementor-container elementor-column-gap-default\">\n\t\t\t\t\t<div class=\"elementor-column elementor-col-100 elementor-top-column elementor-element elementor-element-e1b71fa\" data-id=\"e1b71fa\" data-element_type=\"column\">\n\t\t\t<div class=\"elementor-widget-wrap elementor-element-populated\">\n\t\t\t\t\t\t<div class=\"elementor-element elementor-element-5be08f3 elementor-widget elementor-widget-text-editor\" data-id=\"5be08f3\" data-element_type=\"widget\" data-widget_type=\"text-editor.default\">\n\t\t\t\t<div class=\"elementor-widget-container\">\n\t\t\t<style>\/*! elementor - v3.23.0 - 05-08-2024 *\/\n.elementor-widget-text-editor.elementor-drop-cap-view-stacked .elementor-drop-cap{background-color:#69727d;color:#fff}.elementor-widget-text-editor.elementor-drop-cap-view-framed .elementor-drop-cap{color:#69727d;border:3px solid;background-color:transparent}.elementor-widget-text-editor:not(.elementor-drop-cap-view-default) .elementor-drop-cap{margin-top:8px}.elementor-widget-text-editor:not(.elementor-drop-cap-view-default) .elementor-drop-cap-letter{width:1em;height:1em}.elementor-widget-text-editor .elementor-drop-cap{float:left;text-align:center;line-height:1;font-size:50px}.elementor-widget-text-editor .elementor-drop-cap-letter{display:inline-block}<\/style>\t\t\t\t<p><strong>Quelques exemples de r\u00e9alisations en R&amp;D : <\/strong><\/p><ul><li>Conception des applications web fichierecologique.be et fichierecologique.lu<\/li><li>Coordination du Groupe de Travail\u00a0scientifique\u00a0\u00ab\u00a0Fichier \u00c9cologique des Essences\u00a0\u00bb<\/li><li>Conception, calibrage puis publication de la cl\u00e9 floristique comme outil d\u2019aide \u00e0 la d\u00e9cision pour la r\u00e9g\u00e9n\u00e9ration des for\u00eats<\/li><li>Conception et publication du \u00ab\u00a0Guide d\u2019interpr\u00e9tation de la flore indicatrice en for\u00eat\u00a0\u00bb, Hugues Claessens (ULi\u00e8ge), C\u00e9line Pr\u00e9vot (Foret.Nature), Jonathan Lisein (ULi\u00e8ge), \u00e9ditions For\u00eat.Nature.<\/li><li>Publication scientifique\u00a0: Lisein J., Fayolle A., Legrain A., Pr\u00e9vot C, Claessens H. (2022). Prediction of forest nutrient and moisture regimes from understory vegetation with random forest classification models. Ecological Indicators, Volume 144. \u00a0<a href=\"https:\/\/doi.org\/10.1016\/j.ecolind.2022.109446\">https:\/\/doi.org\/10.1016\/j.ecolind.2022.109446<\/a><\/li><li>Participation au Groupe de Travail\u00a0scientifique\u00a0: \u00ab\u00a0Catalogue des stations\u00a0\u00bb<\/li><li>For\u00eat.Nature a \u00e9t\u00e9 mandat\u00e9 par la Belgique pour int\u00e9grer le GT scientifique europ\u00e9en pour la conception du r\u00e9f\u00e9rentiel UE en mati\u00e8re de sylviculture m\u00e9lang\u00e9e \u00e0 couvert continu (SMCC)<\/li><li>Cr\u00e9ation et installation de travailloscopes et logiciel de traitement des donn\u00e9es :<ul><li>Grimbiemont : dispositif innovant cr\u00e9\u00e9 (co-premi\u00e8re dans l&rsquo;UE) et d\u00e9veloppement d&rsquo;outils d&rsquo;analyse des actes de gestion pour d\u00e9velopper de meilleures pratiques et itin\u00e9raires techniques en mati\u00e8re de r\u00e9g\u00e9n\u00e9ration naturelle feuillue en m\u00e9lange.<\/li><li>Daverdisse\u00a0: dispositif innovant cr\u00e9\u00e9 (premi\u00e8re dans l&rsquo;UE) et d\u00e9veloppement d&rsquo;outils d&rsquo;analyse des actes de gestion pour d\u00e9velopper de meilleures pratiques et itin\u00e9raires techniques en mati\u00e8re de r\u00e9g\u00e9n\u00e9ration naturelle r\u00e9sineuse en m\u00e9lange.<\/li><\/ul><\/li><li>Installation et gestion de placettes de suivi\u00a0scientifique :<ul><li>Arbres objectifs (4)<\/li><li>For\u00eat de r\u00e9f\u00e9rence en SMCC (220)<\/li><li>Compartiments pilotes en SMCC (33)<\/li><\/ul><\/li><\/ul>\t\t\t\t\t\t<\/div>\n\t\t\t\t<\/div>\n\t\t\t\t\t<\/div>\n\t\t<\/div>\n\t\t\t\t\t<\/div>\n\t\t<\/section>\n\t\t\t\t<\/div>","protected":false},"excerpt":{"rendered":"<p>Recherche et d\u00e9veloppement La R&amp;D fait partie des activit\u00e9s de For\u00eat.Nature dans les th\u00e9matiques suivantes : D\u00e9veloppement et mise en \u0153uvre de la sylviculture m\u00e9lang\u00e9e \u00e0 couvert continu (SMCC) P\u00e9dologie, conditions bioclimatiques et aptitudes stationnelles avec fichierecologique.be fichierecologique.lu Flore foresti\u00e8re et indications p\u00e9dologiques Cr\u00e9ation de dispositifs techniques ou de suivi scientifique Ce travail se fait [&hellip;]<\/p>","protected":false},"author":1,"featured_media":0,"parent":0,"menu_order":0,"comment_status":"closed","ping_status":"closed","template":"","meta":{"_acf_changed":false,"_monsterinsights_skip_tracking":false,"_monsterinsights_sitenote_active":false,"_monsterinsights_sitenote_note":"","_monsterinsights_sitenote_category":0,"footnotes":""},"acf":[],"yoast_head":"<!-- This site is optimized with the Yoast SEO plugin v23.2 - https:\/\/yoast.com\/wordpress\/plugins\/seo\/ -->\n<title>Recherche et d\u00e9veloppement - For\u00eat.Nature<\/title>\n<meta name=\"robots\" content=\"index, follow, max-snippet:-1, max-image-preview:large, max-video-preview:-1\" \/>\n<link rel=\"canonical\" href=\"https:\/\/foretnature.be\/en\/recherche-et-developpement\/\" \/>\n<meta property=\"og:locale\" content=\"en_GB\" \/>\n<meta property=\"og:type\" content=\"article\" \/>\n<meta property=\"og:title\" content=\"Recherche et d\u00e9veloppement - For\u00eat.Nature\" \/>\n<meta property=\"og:description\" content=\"Recherche et d\u00e9veloppement La R&amp;D fait partie des activit\u00e9s de For\u00eat.Nature dans les th\u00e9matiques suivantes : D\u00e9veloppement et mise en \u0153uvre de la sylviculture m\u00e9lang\u00e9e \u00e0 couvert continu (SMCC) P\u00e9dologie, conditions bioclimatiques et aptitudes stationnelles avec fichierecologique.be fichierecologique.lu Flore foresti\u00e8re et indications p\u00e9dologiques Cr\u00e9ation de dispositifs techniques ou de suivi scientifique Ce travail se fait [&hellip;]\" \/>\n<meta property=\"og:url\" content=\"https:\/\/foretnature.be\/en\/recherche-et-developpement\/\" \/>\n<meta property=\"og:site_name\" content=\"For\u00eat.Nature\" \/>\n<meta property=\"article:modified_time\" content=\"2023-03-28T11:09:36+00:00\" \/>\n<meta name=\"twitter:card\" content=\"summary_large_image\" \/>\n<meta name=\"twitter:label1\" content=\"Estimated reading time\" \/>\n\t<meta name=\"twitter:data1\" content=\"2 minutes\" \/>\n<script type=\"application\/ld+json\" class=\"yoast-schema-graph\">{\"@context\":\"https:\/\/schema.org\",\"@graph\":[{\"@type\":\"WebPage\",\"@id\":\"https:\/\/foretnature.be\/en\/recherche-et-developpement\/\",\"url\":\"https:\/\/foretnature.be\/en\/recherche-et-developpement\/\",\"name\":\"Recherche et d\u00e9veloppement - For\u00eat.Nature\",\"isPartOf\":{\"@id\":\"https:\/\/foretnature.be\/en\/#website\"},\"datePublished\":\"2023-03-28T11:09:03+00:00\",\"dateModified\":\"2023-03-28T11:09:36+00:00\",\"breadcrumb\":{\"@id\":\"https:\/\/foretnature.be\/en\/recherche-et-developpement\/#breadcrumb\"},\"inLanguage\":\"en-GB\",\"potentialAction\":[{\"@type\":\"ReadAction\",\"target\":[\"https:\/\/foretnature.be\/en\/recherche-et-developpement\/\"]}]},{\"@type\":\"BreadcrumbList\",\"@id\":\"https:\/\/foretnature.be\/en\/recherche-et-developpement\/#breadcrumb\",\"itemListElement\":[{\"@type\":\"ListItem\",\"position\":1,\"name\":\"Home\",\"item\":\"https:\/\/foretnature.be\/en\/\"},{\"@type\":\"ListItem\",\"position\":2,\"name\":\"Recherche et d\u00e9veloppement\"}]},{\"@type\":\"WebSite\",\"@id\":\"https:\/\/foretnature.be\/en\/#website\",\"url\":\"https:\/\/foretnature.be\/en\/\",\"name\":\"For\u00eat.Nature\",\"description\":\"Une \u00e9quipe technique au service de la for\u00eat\",\"publisher\":{\"@id\":\"https:\/\/foretnature.be\/en\/#organization\"},\"potentialAction\":[{\"@type\":\"SearchAction\",\"target\":{\"@type\":\"EntryPoint\",\"urlTemplate\":\"https:\/\/foretnature.be\/en\/?s={search_term_string}\"},\"query-input\":\"required name=search_term_string\"}],\"inLanguage\":\"en-GB\"},{\"@type\":\"Organization\",\"@id\":\"https:\/\/foretnature.be\/en\/#organization\",\"name\":\"For\u00eat.Nature\",\"url\":\"https:\/\/foretnature.be\/en\/\",\"logo\":{\"@type\":\"ImageObject\",\"inLanguage\":\"en-GB\",\"@id\":\"https:\/\/foretnature.be\/en\/#\/schema\/logo\/image\/\",\"url\":\"https:\/\/foretnature.be\/wp-content\/uploads\/2021\/01\/logoFOblanc.png\",\"contentUrl\":\"https:\/\/foretnature.be\/wp-content\/uploads\/2021\/01\/logoFOblanc.png\",\"width\":300,\"height\":151,\"caption\":\"For\u00eat.Nature\"},\"image\":{\"@id\":\"https:\/\/foretnature.be\/en\/#\/schema\/logo\/image\/\"}}]}<\/script>\n<!-- \/ Yoast SEO plugin. -->","yoast_head_json":{"title":"Recherche et d\u00e9veloppement - For\u00eat.Nature","robots":{"index":"index","follow":"follow","max-snippet":"max-snippet:-1","max-image-preview":"max-image-preview:large","max-video-preview":"max-video-preview:-1"},"canonical":"https:\/\/foretnature.be\/en\/recherche-et-developpement\/","og_locale":"en_GB","og_type":"article","og_title":"Recherche et d\u00e9veloppement - For\u00eat.Nature","og_description":"Recherche et d\u00e9veloppement La R&amp;D fait partie des activit\u00e9s de For\u00eat.Nature dans les th\u00e9matiques suivantes : D\u00e9veloppement et mise en \u0153uvre de la sylviculture m\u00e9lang\u00e9e \u00e0 couvert continu (SMCC) P\u00e9dologie, conditions bioclimatiques et aptitudes stationnelles avec fichierecologique.be fichierecologique.lu Flore foresti\u00e8re et indications p\u00e9dologiques Cr\u00e9ation de dispositifs techniques ou de suivi scientifique Ce travail se fait [&hellip;]","og_url":"https:\/\/foretnature.be\/en\/recherche-et-developpement\/","og_site_name":"For\u00eat.Nature","article_modified_time":"2023-03-28T11:09:36+00:00","twitter_card":"summary_large_image","twitter_misc":{"Estimated reading time":"2 minutes"},"schema":{"@context":"https:\/\/schema.org","@graph":[{"@type":"WebPage","@id":"https:\/\/foretnature.be\/en\/recherche-et-developpement\/","url":"https:\/\/foretnature.be\/en\/recherche-et-developpement\/","name":"Recherche et d\u00e9veloppement - For\u00eat.Nature","isPartOf":{"@id":"https:\/\/foretnature.be\/en\/#website"},"datePublished":"2023-03-28T11:09:03+00:00","dateModified":"2023-03-28T11:09:36+00:00","breadcrumb":{"@id":"https:\/\/foretnature.be\/en\/recherche-et-developpement\/#breadcrumb"},"inLanguage":"en-GB","potentialAction":[{"@type":"ReadAction","target":["https:\/\/foretnature.be\/en\/recherche-et-developpement\/"]}]},{"@type":"BreadcrumbList","@id":"https:\/\/foretnature.be\/en\/recherche-et-developpement\/#breadcrumb","itemListElement":[{"@type":"ListItem","position":1,"name":"Home","item":"https:\/\/foretnature.be\/en\/"},{"@type":"ListItem","position":2,"name":"Recherche et d\u00e9veloppement"}]},{"@type":"WebSite","@id":"https:\/\/foretnature.be\/en\/#website","url":"https:\/\/foretnature.be\/en\/","name":"For\u00eat.Nature","description":"Une \u00e9quipe technique au service de la for\u00eat","publisher":{"@id":"https:\/\/foretnature.be\/en\/#organization"},"potentialAction":[{"@type":"SearchAction","target":{"@type":"EntryPoint","urlTemplate":"https:\/\/foretnature.be\/en\/?s={search_term_string}"},"query-input":"required name=search_term_string"}],"inLanguage":"en-GB"},{"@type":"Organization","@id":"https:\/\/foretnature.be\/en\/#organization","name":"For\u00eat.Nature","url":"https:\/\/foretnature.be\/en\/","logo":{"@type":"ImageObject","inLanguage":"en-GB","@id":"https:\/\/foretnature.be\/en\/#\/schema\/logo\/image\/","url":"https:\/\/foretnature.be\/wp-content\/uploads\/2021\/01\/logoFOblanc.png","contentUrl":"https:\/\/foretnature.be\/wp-content\/uploads\/2021\/01\/logoFOblanc.png","width":300,"height":151,"caption":"For\u00eat.Nature"},"image":{"@id":"https:\/\/foretnature.be\/en\/#\/schema\/logo\/image\/"}}]}},"_links":{"self":[{"href":"https:\/\/foretnature.be\/en\/wp-json\/wp\/v2\/pages\/39279"}],"collection":[{"href":"https:\/\/foretnature.be\/en\/wp-json\/wp\/v2\/pages"}],"about":[{"href":"https:\/\/foretnature.be\/en\/wp-json\/wp\/v2\/types\/page"}],"author":[{"embeddable":true,"href":"https:\/\/foretnature.be\/en\/wp-json\/wp\/v2\/users\/1"}],"replies":[{"embeddable":true,"href":"https:\/\/foretnature.be\/en\/wp-json\/wp\/v2\/comments?post=39279"}],"version-history":[{"count":4,"href":"https:\/\/foretnature.be\/en\/wp-json\/wp\/v2\/pages\/39279\/revisions"}],"predecessor-version":[{"id":39284,"href":"https:\/\/foretnature.be\/en\/wp-json\/wp\/v2\/pages\/39279\/revisions\/39284"}],"wp:attachment":[{"href":"https:\/\/foretnature.be\/en\/wp-json\/wp\/v2\/media?parent=39279"}],"curies":[{"name":"wp","href":"https:\/\/api.w.org\/{rel}","templated":true}]}}