{"id":29368,"date":"2021-02-02T15:33:16","date_gmt":"2021-02-02T14:33:16","guid":{"rendered":"https:\/\/gjkkadksm.preview.infomaniak.website\/?page_id=29368"},"modified":"2025-09-10T09:17:20","modified_gmt":"2025-09-10T07:17:20","slug":"formation-personnalisee","status":"publish","type":"page","link":"https:\/\/foretnature.be\/en\/formation-ateliers-forestiers\/formation-personnalisee\/","title":{"rendered":"Personalised training"},"content":{"rendered":"<div data-elementor-type=\"wp-page\" data-elementor-id=\"29368\" class=\"elementor elementor-29368\" data-elementor-post-type=\"page\">\n\t\t\t\t\t\t<section class=\"elementor-section elementor-top-section elementor-element elementor-element-7c9f1b30 elementor-section-content-bottom elementor-section-height-min-height elementor-section-items-bottom elementor-section-boxed elementor-section-height-default\" data-id=\"7c9f1b30\" data-element_type=\"section\" data-settings=\"{&quot;background_background&quot;:&quot;classic&quot;}\">\n\t\t\t\t\t\t\t<div class=\"elementor-background-overlay\"><\/div>\n\t\t\t\t\t\t\t<div class=\"elementor-container elementor-column-gap-no\">\n\t\t\t\t\t<div class=\"elementor-column elementor-col-100 elementor-top-column elementor-element elementor-element-3ae35fb6\" data-id=\"3ae35fb6\" data-element_type=\"column\" data-settings=\"{&quot;background_background&quot;:&quot;classic&quot;}\">\n\t\t\t<div class=\"elementor-widget-wrap elementor-element-populated\">\n\t\t\t\t\t\t<div class=\"elementor-element elementor-element-1619c90c elementor-widget elementor-widget-heading\" data-id=\"1619c90c\" data-element_type=\"widget\" data-widget_type=\"heading.default\">\n\t\t\t\t<div class=\"elementor-widget-container\">\n\t\t\t<style>\/*! elementor - v3.23.0 - 05-08-2024 *\/\n.elementor-heading-title{padding:0;margin:0;line-height:1}.elementor-widget-heading .elementor-heading-title[class*=elementor-size-]>a{color:inherit;font-size:inherit;line-height:inherit}.elementor-widget-heading .elementor-heading-title.elementor-size-small{font-size:15px}.elementor-widget-heading .elementor-heading-title.elementor-size-medium{font-size:19px}.elementor-widget-heading .elementor-heading-title.elementor-size-large{font-size:29px}.elementor-widget-heading .elementor-heading-title.elementor-size-xl{font-size:39px}.elementor-widget-heading .elementor-heading-title.elementor-size-xxl{font-size:59px}<\/style><h2 class=\"elementor-heading-title elementor-size-default\">Personalised training<\/h2>\t\t<\/div>\n\t\t\t\t<\/div>\n\t\t\t\t\t<\/div>\n\t\t<\/div>\n\t\t\t\t\t<\/div>\n\t\t<\/section>\n\t\t\t\t<section class=\"elementor-section elementor-top-section elementor-element elementor-element-1005730 elementor-section-boxed elementor-section-height-default elementor-section-height-default\" data-id=\"1005730\" data-element_type=\"section\" data-settings=\"{&quot;background_background&quot;:&quot;classic&quot;}\">\n\t\t\t\t\t\t<div class=\"elementor-container elementor-column-gap-default\">\n\t\t\t\t\t<div class=\"elementor-column elementor-col-100 elementor-top-column elementor-element elementor-element-b02db8f\" data-id=\"b02db8f\" data-element_type=\"column\">\n\t\t\t<div class=\"elementor-widget-wrap elementor-element-populated\">\n\t\t\t\t\t\t<div class=\"elementor-element elementor-element-6f83559 elementor-icon-list--layout-inline elementor-align-center elementor-mobile-align-center elementor-widget__width-auto elementor-widget-mobile__width-inherit elementor-list-item-link-full_width elementor-widget elementor-widget-icon-list\" data-id=\"6f83559\" data-element_type=\"widget\" data-widget_type=\"icon-list.default\">\n\t\t\t\t<div class=\"elementor-widget-container\">\n\t\t\t<link rel=\"stylesheet\" href=\"https:\/\/foretnature.be\/wp-content\/plugins\/elementor\/assets\/css\/widget-icon-list.min.css\">\t\t<ul class=\"elementor-icon-list-items elementor-inline-items\">\n\t\t\t\t\t\t\t<li class=\"elementor-icon-list-item elementor-inline-item\">\n\t\t\t\t\t\t\t\t\t\t\t<a href=\"https:\/\/foretnature.be\/en\/formation-ateliers-forestiers\/dispositifs\/\">\n\n\t\t\t\t\t\t\t\t\t\t\t<span class=\"elementor-icon-list-text\">Training tools<\/span>\n\t\t\t\t\t\t\t\t\t\t\t<\/a>\n\t\t\t\t\t\t\t\t\t<\/li>\n\t\t\t\t\t\t<\/ul>\n\t\t\t\t<\/div>\n\t\t\t\t<\/div>\n\t\t\t\t<div class=\"elementor-element elementor-element-d8949e0 elementor-icon-list--layout-inline elementor-align-center elementor-widget__width-initial elementor-list-item-link-full_width elementor-widget elementor-widget-icon-list\" data-id=\"d8949e0\" data-element_type=\"widget\" data-widget_type=\"icon-list.default\">\n\t\t\t\t<div class=\"elementor-widget-container\">\n\t\t\t\t\t<ul class=\"elementor-icon-list-items elementor-inline-items\">\n\t\t\t\t\t\t\t<li class=\"elementor-icon-list-item elementor-inline-item\">\n\t\t\t\t\t\t\t\t\t\t\t<a href=\"https:\/\/foretnature.be\/en\/formation-ateliers-forestiers\/inscription\/\">\n\n\t\t\t\t\t\t\t\t\t\t\t<span class=\"elementor-icon-list-text\">Registration<\/span>\n\t\t\t\t\t\t\t\t\t\t\t<\/a>\n\t\t\t\t\t\t\t\t\t<\/li>\n\t\t\t\t\t\t<\/ul>\n\t\t\t\t<\/div>\n\t\t\t\t<\/div>\n\t\t\t\t<div class=\"elementor-element elementor-element-a6c11a2 elementor-icon-list--layout-inline elementor-align-center elementor-widget__width-auto elementor-widget-mobile__width-inherit elementor-list-item-link-full_width elementor-widget elementor-widget-icon-list\" data-id=\"a6c11a2\" data-element_type=\"widget\" data-widget_type=\"icon-list.default\">\n\t\t\t\t<div class=\"elementor-widget-container\">\n\t\t\t\t\t<ul class=\"elementor-icon-list-items elementor-inline-items\">\n\t\t\t\t\t\t\t<li class=\"elementor-icon-list-item elementor-inline-item\">\n\t\t\t\t\t\t\t\t\t\t\t<a href=\"https:\/\/foretnature.be\/en\/formation-ateliers-forestiers\/outils-de-reference\/\">\n\n\t\t\t\t\t\t\t\t\t\t\t<span class=\"elementor-icon-list-text\">Reference materials<\/span>\n\t\t\t\t\t\t\t\t\t\t\t<\/a>\n\t\t\t\t\t\t\t\t\t<\/li>\n\t\t\t\t\t\t\t\t<li class=\"elementor-icon-list-item elementor-inline-item\">\n\t\t\t\t\t\t\t\t\t\t\t<a href=\"https:\/\/foretnature.be\/en\/formation-ateliers-forestiers\/formation-personnalisee\/\">\n\n\t\t\t\t\t\t\t\t\t\t\t<span class=\"elementor-icon-list-text\">Personalised training<\/span>\n\t\t\t\t\t\t\t\t\t\t\t<\/a>\n\t\t\t\t\t\t\t\t\t<\/li>\n\t\t\t\t\t\t<\/ul>\n\t\t\t\t<\/div>\n\t\t\t\t<\/div>\n\t\t\t\t\t<\/div>\n\t\t<\/div>\n\t\t\t\t\t<\/div>\n\t\t<\/section>\n\t\t\t\t<section class=\"elementor-section elementor-top-section elementor-element elementor-element-5a4ff43 elementor-section-boxed elementor-section-height-default elementor-section-height-default\" data-id=\"5a4ff43\" data-element_type=\"section\">\n\t\t\t\t\t\t<div class=\"elementor-container elementor-column-gap-default\">\n\t\t\t\t\t<div class=\"elementor-column elementor-col-100 elementor-top-column elementor-element elementor-element-3b7be36\" data-id=\"3b7be36\" data-element_type=\"column\">\n\t\t\t<div class=\"elementor-widget-wrap elementor-element-populated\">\n\t\t\t\t\t\t<div class=\"elementor-element elementor-element-1bdbddd elementor-widget elementor-widget-text-editor\" data-id=\"1bdbddd\" data-element_type=\"widget\" data-widget_type=\"text-editor.default\">\n\t\t\t\t<div class=\"elementor-widget-container\">\n\t\t\t<style>\/*! elementor - v3.23.0 - 05-08-2024 *\/\n.elementor-widget-text-editor.elementor-drop-cap-view-stacked .elementor-drop-cap{background-color:#69727d;color:#fff}.elementor-widget-text-editor.elementor-drop-cap-view-framed .elementor-drop-cap{color:#69727d;border:3px solid;background-color:transparent}.elementor-widget-text-editor:not(.elementor-drop-cap-view-default) .elementor-drop-cap{margin-top:8px}.elementor-widget-text-editor:not(.elementor-drop-cap-view-default) .elementor-drop-cap-letter{width:1em;height:1em}.elementor-widget-text-editor .elementor-drop-cap{float:left;text-align:center;line-height:1;font-size:50px}.elementor-widget-text-editor .elementor-drop-cap-letter{display:inline-block}<\/style>\t\t\t\t<p>Do you have specific needs for yourself, your organisation, your employees or your co-owners?\u00a0<br \/><span style=\"font-family: var( --e-global-typography-text-font-family ), Sans-serif; font-size: var( --e-global-typography-text-font-size ); font-weight: var( --e-global-typography-text-font-weight );\">Do you want us to create a specific training module for you, or are you interested in participating in one of our existing modules?<\/span><\/p><p>Contact us as soon as possible!<br \/>We will discover the best way to adapt to your needs and find a date on the calendar.<\/p>\t\t\t\t\t\t<\/div>\n\t\t\t\t<\/div>\n\t\t\t\t<div class=\"elementor-element elementor-element-baf4af2 elementor-mobile-align-center elementor-widget__width-auto elementor-widget-mobile__width-inherit elementor-widget elementor-widget-button\" data-id=\"baf4af2\" data-element_type=\"widget\" data-widget_type=\"button.default\">\n\t\t\t\t<div class=\"elementor-widget-container\">\n\t\t\t\t\t<div class=\"elementor-button-wrapper\">\n\t\t\t<a class=\"elementor-button elementor-button-link elementor-size-sm\" href=\"https:\/\/foretnature.be\/wp-content\/uploads\/2025\/09\/CatalogueFOR25-26-v3.pdf\" target=\"_blank\">\n\t\t\t\t\t\t<span class=\"elementor-button-content-wrapper\">\n\t\t\t\t\t\t\t\t\t<span class=\"elementor-button-text\">General training catalogue<\/span>\n\t\t\t\t\t<\/span>\n\t\t\t\t\t<\/a>\n\t\t<\/div>\n\t\t\t\t<\/div>\n\t\t\t\t<\/div>\n\t\t\t\t\t<\/div>\n\t\t<\/div>\n\t\t\t\t\t<\/div>\n\t\t<\/section>\n\t\t\t\t<section class=\"elementor-section elementor-top-section elementor-element elementor-element-0d7261b elementor-section-boxed elementor-section-height-default elementor-section-height-default\" data-id=\"0d7261b\" data-element_type=\"section\">\n\t\t\t\t\t\t<div class=\"elementor-container elementor-column-gap-default\">\n\t\t\t\t\t<div class=\"elementor-column elementor-col-100 elementor-top-column elementor-element elementor-element-fd63858\" data-id=\"fd63858\" data-element_type=\"column\">\n\t\t\t<div class=\"elementor-widget-wrap elementor-element-populated\">\n\t\t\t\t\t\t<div class=\"elementor-element elementor-element-4c8e6b7 elementor-widget elementor-widget-heading\" data-id=\"4c8e6b7\" data-element_type=\"widget\" data-widget_type=\"heading.default\">\n\t\t\t\t<div class=\"elementor-widget-container\">\n\t\t\t<h3 class=\"elementor-heading-title elementor-size-default\">contact<\/h3>\t\t<\/div>\n\t\t\t\t<\/div>\n\t\t\t\t<div class=\"elementor-element elementor-element-bfc2461 elementor-widget elementor-widget-image\" data-id=\"bfc2461\" data-element_type=\"widget\" data-widget_type=\"image.default\">\n\t\t\t\t<div class=\"elementor-widget-container\">\n\t\t\t<style>\/*! elementor - v3.23.0 - 05-08-2024 *\/\n.elementor-widget-image{text-align:center}.elementor-widget-image a{display:inline-block}.elementor-widget-image a img[src$=\".svg\"]{width:48px}.elementor-widget-image img{vertical-align:middle;display:inline-block}<\/style>\t\t\t\t\t\t\t\t\t\t\t<a href=\"mailto:c.prevot@foretnature.be\">\n\t\t\t\t\t\t\t<img decoding=\"async\" width=\"150\" height=\"150\" src=\"https:\/\/foretnature.be\/wp-content\/uploads\/2021\/03\/CP-150x150.jpg\" class=\"attachment-thumbnail size-thumbnail wp-image-32407\" alt=\"\" srcset=\"https:\/\/foretnature.be\/wp-content\/uploads\/2021\/03\/CP-150x150.jpg 150w, https:\/\/foretnature.be\/wp-content\/uploads\/2021\/03\/CP-300x300.jpg 300w, https:\/\/foretnature.be\/wp-content\/uploads\/2021\/03\/CP-768x766.jpg 768w, https:\/\/foretnature.be\/wp-content\/uploads\/2021\/03\/CP.jpg 959w\" sizes=\"(max-width: 150px) 100vw, 150px\" \/>\t\t\t\t\t\t\t\t<\/a>\n\t\t\t\t\t\t\t\t\t\t\t\t\t<\/div>\n\t\t\t\t<\/div>\n\t\t\t\t<div class=\"elementor-element elementor-element-cca6207 elementor-widget elementor-widget-heading\" data-id=\"cca6207\" data-element_type=\"widget\" data-widget_type=\"heading.default\">\n\t\t\t\t<div class=\"elementor-widget-container\">\n\t\t\t<p class=\"elementor-heading-title elementor-size-default\"><a href=\"mailto:c.prevot@foretnature.be\">C\u00e9line Pr\u00e9vot<\/a><\/p>\t\t<\/div>\n\t\t\t\t<\/div>\n\t\t\t\t<div class=\"elementor-element elementor-element-d0f266e elementor-widget elementor-widget-heading\" data-id=\"d0f266e\" data-element_type=\"widget\" data-widget_type=\"heading.default\">\n\t\t\t\t<div class=\"elementor-widget-container\">\n\t\t\t<p class=\"elementor-heading-title elementor-size-default\"><a href=\"mailto:c.prevot@foretnature.be\">Une demande ?<\/a><\/p>\t\t<\/div>\n\t\t\t\t<\/div>\n\t\t\t\t\t<\/div>\n\t\t<\/div>\n\t\t\t\t\t<\/div>\n\t\t<\/section>\n\t\t\t\t<\/div>","protected":false},"excerpt":{"rendered":"<p>Vous n\u2019avez pas trouv\u00e9 la formation dont vous auriez besoin ? Consultez nos conditions pour une formation personnalis\u00e9e. <\/p>","protected":false},"author":1,"featured_media":32924,"parent":28911,"menu_order":0,"comment_status":"closed","ping_status":"closed","template":"","meta":{"_acf_changed":false,"_monsterinsights_skip_tracking":false,"_monsterinsights_sitenote_active":false,"_monsterinsights_sitenote_note":"","_monsterinsights_sitenote_category":0,"footnotes":""},"acf":[],"yoast_head":"<!-- This site is optimized with the Yoast SEO plugin v23.2 - https:\/\/yoast.com\/wordpress\/plugins\/seo\/ -->\n<title>Formation personnalis\u00e9e - For\u00eat.Nature<\/title>\n<meta name=\"description\" content=\"Vous n\u2019avez pas trouv\u00e9 la formation dont vous auriez besoin ? Consultez nos conditions pour une formation personnalis\u00e9e.\" \/>\n<meta name=\"robots\" content=\"index, follow, max-snippet:-1, max-image-preview:large, max-video-preview:-1\" \/>\n<link rel=\"canonical\" href=\"https:\/\/foretnature.be\/en\/formation-ateliers-forestiers\/formation-personnalisee\/\" \/>\n<meta property=\"og:locale\" content=\"en_GB\" \/>\n<meta property=\"og:type\" content=\"article\" \/>\n<meta property=\"og:title\" content=\"Formation personnalis\u00e9e - For\u00eat.Nature\" \/>\n<meta property=\"og:description\" content=\"Vous n\u2019avez pas trouv\u00e9 la formation dont vous auriez besoin ? Consultez nos conditions pour une formation personnalis\u00e9e.\" \/>\n<meta property=\"og:url\" content=\"https:\/\/foretnature.be\/en\/formation-ateliers-forestiers\/formation-personnalisee\/\" \/>\n<meta property=\"og:site_name\" content=\"For\u00eat.Nature\" \/>\n<meta property=\"article:modified_time\" content=\"2025-09-10T07:17:20+00:00\" \/>\n<meta property=\"og:image\" content=\"https:\/\/foretnature.be\/wp-content\/uploads\/2021\/04\/AdobeStock_282253875-scaled.jpeg\" \/>\n\t<meta property=\"og:image:width\" content=\"1600\" \/>\n\t<meta property=\"og:image:height\" content=\"1067\" \/>\n\t<meta property=\"og:image:type\" content=\"image\/jpeg\" \/>\n<meta name=\"twitter:card\" content=\"summary_large_image\" \/>\n<meta name=\"twitter:label1\" content=\"Estimated reading time\" \/>\n\t<meta name=\"twitter:data1\" content=\"1 minute\" \/>\n<script type=\"application\/ld+json\" class=\"yoast-schema-graph\">{\"@context\":\"https:\/\/schema.org\",\"@graph\":[{\"@type\":\"WebPage\",\"@id\":\"https:\/\/foretnature.be\/en\/formation-ateliers-forestiers\/formation-personnalisee\/\",\"url\":\"https:\/\/foretnature.be\/en\/formation-ateliers-forestiers\/formation-personnalisee\/\",\"name\":\"Formation personnalis\u00e9e - For\u00eat.Nature\",\"isPartOf\":{\"@id\":\"https:\/\/foretnature.be\/en\/#website\"},\"primaryImageOfPage\":{\"@id\":\"https:\/\/foretnature.be\/en\/formation-ateliers-forestiers\/formation-personnalisee\/#primaryimage\"},\"image\":{\"@id\":\"https:\/\/foretnature.be\/en\/formation-ateliers-forestiers\/formation-personnalisee\/#primaryimage\"},\"thumbnailUrl\":\"https:\/\/foretnature.be\/wp-content\/uploads\/2021\/04\/AdobeStock_282253875-scaled.jpeg\",\"datePublished\":\"2021-02-02T14:33:16+00:00\",\"dateModified\":\"2025-09-10T07:17:20+00:00\",\"description\":\"Vous n\u2019avez pas trouv\u00e9 la formation dont vous auriez besoin ? Consultez nos conditions pour une formation personnalis\u00e9e.\",\"breadcrumb\":{\"@id\":\"https:\/\/foretnature.be\/en\/formation-ateliers-forestiers\/formation-personnalisee\/#breadcrumb\"},\"inLanguage\":\"en-GB\",\"potentialAction\":[{\"@type\":\"ReadAction\",\"target\":[\"https:\/\/foretnature.be\/en\/formation-ateliers-forestiers\/formation-personnalisee\/\"]}]},{\"@type\":\"ImageObject\",\"inLanguage\":\"en-GB\",\"@id\":\"https:\/\/foretnature.be\/en\/formation-ateliers-forestiers\/formation-personnalisee\/#primaryimage\",\"url\":\"https:\/\/foretnature.be\/wp-content\/uploads\/2021\/04\/AdobeStock_282253875-scaled.jpeg\",\"contentUrl\":\"https:\/\/foretnature.be\/wp-content\/uploads\/2021\/04\/AdobeStock_282253875-scaled.jpeg\",\"width\":1600,\"height\":1067,\"caption\":\"F\u00f6rster team looks at trees in a forestry district with sustainable forestry\"},{\"@type\":\"BreadcrumbList\",\"@id\":\"https:\/\/foretnature.be\/en\/formation-ateliers-forestiers\/formation-personnalisee\/#breadcrumb\",\"itemListElement\":[{\"@type\":\"ListItem\",\"position\":1,\"name\":\"Home\",\"item\":\"https:\/\/foretnature.be\/en\/\"},{\"@type\":\"ListItem\",\"position\":2,\"name\":\"Formation\",\"item\":\"https:\/\/foretnature.be\/en\/formation-ateliers-forestiers\/\"},{\"@type\":\"ListItem\",\"position\":3,\"name\":\"Formation personnalis\u00e9e\"}]},{\"@type\":\"WebSite\",\"@id\":\"https:\/\/foretnature.be\/en\/#website\",\"url\":\"https:\/\/foretnature.be\/en\/\",\"name\":\"For\u00eat.Nature\",\"description\":\"Une \u00e9quipe technique au service de la for\u00eat\",\"publisher\":{\"@id\":\"https:\/\/foretnature.be\/en\/#organization\"},\"potentialAction\":[{\"@type\":\"SearchAction\",\"target\":{\"@type\":\"EntryPoint\",\"urlTemplate\":\"https:\/\/foretnature.be\/en\/?s={search_term_string}\"},\"query-input\":\"required name=search_term_string\"}],\"inLanguage\":\"en-GB\"},{\"@type\":\"Organization\",\"@id\":\"https:\/\/foretnature.be\/en\/#organization\",\"name\":\"For\u00eat.Nature\",\"url\":\"https:\/\/foretnature.be\/en\/\",\"logo\":{\"@type\":\"ImageObject\",\"inLanguage\":\"en-GB\",\"@id\":\"https:\/\/foretnature.be\/en\/#\/schema\/logo\/image\/\",\"url\":\"https:\/\/foretnature.be\/wp-content\/uploads\/2021\/01\/logoFOblanc.png\",\"contentUrl\":\"https:\/\/foretnature.be\/wp-content\/uploads\/2021\/01\/logoFOblanc.png\",\"width\":300,\"height\":151,\"caption\":\"For\u00eat.Nature\"},\"image\":{\"@id\":\"https:\/\/foretnature.be\/en\/#\/schema\/logo\/image\/\"}}]}<\/script>\n<!-- \/ Yoast SEO plugin. -->","yoast_head_json":{"title":"Formation personnalis\u00e9e - For\u00eat.Nature","description":"Vous n\u2019avez pas trouv\u00e9 la formation dont vous auriez besoin ? Consultez nos conditions pour une formation personnalis\u00e9e.","robots":{"index":"index","follow":"follow","max-snippet":"max-snippet:-1","max-image-preview":"max-image-preview:large","max-video-preview":"max-video-preview:-1"},"canonical":"https:\/\/foretnature.be\/en\/formation-ateliers-forestiers\/formation-personnalisee\/","og_locale":"en_GB","og_type":"article","og_title":"Formation personnalis\u00e9e - For\u00eat.Nature","og_description":"Vous n\u2019avez pas trouv\u00e9 la formation dont vous auriez besoin ? Consultez nos conditions pour une formation personnalis\u00e9e.","og_url":"https:\/\/foretnature.be\/en\/formation-ateliers-forestiers\/formation-personnalisee\/","og_site_name":"For\u00eat.Nature","article_modified_time":"2025-09-10T07:17:20+00:00","og_image":[{"width":1600,"height":1067,"url":"https:\/\/foretnature.be\/wp-content\/uploads\/2021\/04\/AdobeStock_282253875-scaled.jpeg","type":"image\/jpeg"}],"twitter_card":"summary_large_image","twitter_misc":{"Estimated reading time":"1 minute"},"schema":{"@context":"https:\/\/schema.org","@graph":[{"@type":"WebPage","@id":"https:\/\/foretnature.be\/en\/formation-ateliers-forestiers\/formation-personnalisee\/","url":"https:\/\/foretnature.be\/en\/formation-ateliers-forestiers\/formation-personnalisee\/","name":"Formation personnalis\u00e9e - For\u00eat.Nature","isPartOf":{"@id":"https:\/\/foretnature.be\/en\/#website"},"primaryImageOfPage":{"@id":"https:\/\/foretnature.be\/en\/formation-ateliers-forestiers\/formation-personnalisee\/#primaryimage"},"image":{"@id":"https:\/\/foretnature.be\/en\/formation-ateliers-forestiers\/formation-personnalisee\/#primaryimage"},"thumbnailUrl":"https:\/\/foretnature.be\/wp-content\/uploads\/2021\/04\/AdobeStock_282253875-scaled.jpeg","datePublished":"2021-02-02T14:33:16+00:00","dateModified":"2025-09-10T07:17:20+00:00","description":"Vous n\u2019avez pas trouv\u00e9 la formation dont vous auriez besoin ? Consultez nos conditions pour une formation personnalis\u00e9e.","breadcrumb":{"@id":"https:\/\/foretnature.be\/en\/formation-ateliers-forestiers\/formation-personnalisee\/#breadcrumb"},"inLanguage":"en-GB","potentialAction":[{"@type":"ReadAction","target":["https:\/\/foretnature.be\/en\/formation-ateliers-forestiers\/formation-personnalisee\/"]}]},{"@type":"ImageObject","inLanguage":"en-GB","@id":"https:\/\/foretnature.be\/en\/formation-ateliers-forestiers\/formation-personnalisee\/#primaryimage","url":"https:\/\/foretnature.be\/wp-content\/uploads\/2021\/04\/AdobeStock_282253875-scaled.jpeg","contentUrl":"https:\/\/foretnature.be\/wp-content\/uploads\/2021\/04\/AdobeStock_282253875-scaled.jpeg","width":1600,"height":1067,"caption":"F\u00f6rster team looks at trees in a forestry district with sustainable forestry"},{"@type":"BreadcrumbList","@id":"https:\/\/foretnature.be\/en\/formation-ateliers-forestiers\/formation-personnalisee\/#breadcrumb","itemListElement":[{"@type":"ListItem","position":1,"name":"Home","item":"https:\/\/foretnature.be\/en\/"},{"@type":"ListItem","position":2,"name":"Formation","item":"https:\/\/foretnature.be\/en\/formation-ateliers-forestiers\/"},{"@type":"ListItem","position":3,"name":"Formation personnalis\u00e9e"}]},{"@type":"WebSite","@id":"https:\/\/foretnature.be\/en\/#website","url":"https:\/\/foretnature.be\/en\/","name":"For\u00eat.Nature","description":"Une \u00e9quipe technique au service de la for\u00eat","publisher":{"@id":"https:\/\/foretnature.be\/en\/#organization"},"potentialAction":[{"@type":"SearchAction","target":{"@type":"EntryPoint","urlTemplate":"https:\/\/foretnature.be\/en\/?s={search_term_string}"},"query-input":"required name=search_term_string"}],"inLanguage":"en-GB"},{"@type":"Organization","@id":"https:\/\/foretnature.be\/en\/#organization","name":"For\u00eat.Nature","url":"https:\/\/foretnature.be\/en\/","logo":{"@type":"ImageObject","inLanguage":"en-GB","@id":"https:\/\/foretnature.be\/en\/#\/schema\/logo\/image\/","url":"https:\/\/foretnature.be\/wp-content\/uploads\/2021\/01\/logoFOblanc.png","contentUrl":"https:\/\/foretnature.be\/wp-content\/uploads\/2021\/01\/logoFOblanc.png","width":300,"height":151,"caption":"For\u00eat.Nature"},"image":{"@id":"https:\/\/foretnature.be\/en\/#\/schema\/logo\/image\/"}}]}},"_links":{"self":[{"href":"https:\/\/foretnature.be\/en\/wp-json\/wp\/v2\/pages\/29368"}],"collection":[{"href":"https:\/\/foretnature.be\/en\/wp-json\/wp\/v2\/pages"}],"about":[{"href":"https:\/\/foretnature.be\/en\/wp-json\/wp\/v2\/types\/page"}],"author":[{"embeddable":true,"href":"https:\/\/foretnature.be\/en\/wp-json\/wp\/v2\/users\/1"}],"replies":[{"embeddable":true,"href":"https:\/\/foretnature.be\/en\/wp-json\/wp\/v2\/comments?post=29368"}],"version-history":[{"count":75,"href":"https:\/\/foretnature.be\/en\/wp-json\/wp\/v2\/pages\/29368\/revisions"}],"predecessor-version":[{"id":45746,"href":"https:\/\/foretnature.be\/en\/wp-json\/wp\/v2\/pages\/29368\/revisions\/45746"}],"up":[{"embeddable":true,"href":"https:\/\/foretnature.be\/en\/wp-json\/wp\/v2\/pages\/28911"}],"wp:featuredmedia":[{"embeddable":true,"href":"https:\/\/foretnature.be\/en\/wp-json\/wp\/v2\/media\/32924"}],"wp:attachment":[{"href":"https:\/\/foretnature.be\/en\/wp-json\/wp\/v2\/media?parent=29368"}],"curies":[{"name":"wp","href":"https:\/\/api.w.org\/{rel}","templated":true}]}}