{"id":29131,"date":"2021-02-01T15:41:46","date_gmt":"2021-02-01T14:41:46","guid":{"rendered":"https:\/\/gjkkadksm.preview.infomaniak.website\/?page_id=29131"},"modified":"2025-12-19T12:37:13","modified_gmt":"2025-12-19T11:37:13","slug":"pro-silva-compartiments-pilotes","status":"publish","type":"page","link":"https:\/\/foretnature.be\/en\/foret-vivante\/pro-silva-compartiments-pilotes\/","title":{"rendered":"Pilot forest compartments"},"content":{"rendered":"<div data-elementor-type=\"wp-page\" data-elementor-id=\"29131\" class=\"elementor elementor-29131\" data-elementor-post-type=\"page\">\n\t\t\t\t\t\t<section class=\"elementor-section elementor-top-section elementor-element elementor-element-136bc4ef elementor-section-content-bottom elementor-section-height-min-height elementor-section-items-bottom elementor-section-boxed elementor-section-height-default\" data-id=\"136bc4ef\" data-element_type=\"section\" data-settings=\"{&quot;background_background&quot;:&quot;classic&quot;}\">\n\t\t\t\t\t\t\t<div class=\"elementor-background-overlay\"><\/div>\n\t\t\t\t\t\t\t<div class=\"elementor-container elementor-column-gap-no\">\n\t\t\t\t\t<div class=\"elementor-column elementor-col-100 elementor-top-column elementor-element elementor-element-7b45ec99\" data-id=\"7b45ec99\" data-element_type=\"column\" data-settings=\"{&quot;background_background&quot;:&quot;classic&quot;}\">\n\t\t\t<div class=\"elementor-widget-wrap elementor-element-populated\">\n\t\t\t\t\t\t<div class=\"elementor-element elementor-element-3e4ca4dd elementor-widget elementor-widget-heading\" data-id=\"3e4ca4dd\" data-element_type=\"widget\" data-widget_type=\"heading.default\">\n\t\t\t\t<div class=\"elementor-widget-container\">\n\t\t\t<style>\/*! elementor - v3.23.0 - 05-08-2024 *\/\n.elementor-heading-title{padding:0;margin:0;line-height:1}.elementor-widget-heading .elementor-heading-title[class*=elementor-size-]>a{color:inherit;font-size:inherit;line-height:inherit}.elementor-widget-heading .elementor-heading-title.elementor-size-small{font-size:15px}.elementor-widget-heading .elementor-heading-title.elementor-size-medium{font-size:19px}.elementor-widget-heading .elementor-heading-title.elementor-size-large{font-size:29px}.elementor-widget-heading .elementor-heading-title.elementor-size-xl{font-size:39px}.elementor-widget-heading .elementor-heading-title.elementor-size-xxl{font-size:59px}<\/style><h2 class=\"elementor-heading-title elementor-size-default\">Pilot forest compartments <br> Continuous Cover Forestry (CCF)<\/h2>\t\t<\/div>\n\t\t\t\t<\/div>\n\t\t\t\t\t<\/div>\n\t\t<\/div>\n\t\t\t\t\t<\/div>\n\t\t<\/section>\n\t\t\t\t<section class=\"elementor-section elementor-top-section elementor-element elementor-element-cf7e478 elementor-section-boxed elementor-section-height-default elementor-section-height-default\" data-id=\"cf7e478\" data-element_type=\"section\" data-settings=\"{&quot;background_background&quot;:&quot;classic&quot;}\">\n\t\t\t\t\t\t<div class=\"elementor-container elementor-column-gap-default\">\n\t\t\t\t\t<div class=\"elementor-column elementor-col-100 elementor-top-column elementor-element elementor-element-58cfdde\" data-id=\"58cfdde\" data-element_type=\"column\">\n\t\t\t<div class=\"elementor-widget-wrap elementor-element-populated\">\n\t\t\t\t\t\t<div class=\"elementor-element elementor-element-605021e elementor-icon-list--layout-inline elementor-align-center elementor-mobile-align-center elementor-list-item-link-full_width elementor-widget elementor-widget-icon-list\" data-id=\"605021e\" data-element_type=\"widget\" data-widget_type=\"icon-list.default\">\n\t\t\t\t<div class=\"elementor-widget-container\">\n\t\t\t<link rel=\"stylesheet\" href=\"https:\/\/foretnature.be\/wp-content\/plugins\/elementor\/assets\/css\/widget-icon-list.min.css\">\t\t<ul class=\"elementor-icon-list-items elementor-inline-items\">\n\t\t\t\t\t\t\t<li class=\"elementor-icon-list-item elementor-inline-item\">\n\t\t\t\t\t\t\t\t\t\t\t<a href=\"https:\/\/foretnature.be\/en\/foret-vivante\/se-lancer-smcc\/\">\n\n\t\t\t\t\t\t\t\t\t\t\t<span class=\"elementor-icon-list-text\">Getting started in CCF<\/span>\n\t\t\t\t\t\t\t\t\t\t\t<\/a>\n\t\t\t\t\t\t\t\t\t<\/li>\n\t\t\t\t\t\t\t\t<li class=\"elementor-icon-list-item elementor-inline-item\">\n\t\t\t\t\t\t\t\t\t\t\t<a href=\"https:\/\/foretnature.be\/en\/foret-vivante\/pro-silva-accompagnement\/\">\n\n\t\t\t\t\t\t\t\t\t\t\t<span class=\"elementor-icon-list-text\">Accompagnement<\/span>\n\t\t\t\t\t\t\t\t\t\t\t<\/a>\n\t\t\t\t\t\t\t\t\t<\/li>\n\t\t\t\t\t\t\t\t<li class=\"elementor-icon-list-item elementor-inline-item\">\n\t\t\t\t\t\t\t\t\t\t\t<a href=\"https:\/\/foretnature.be\/en\/foret-vivante\/pro-silva-formation\/\">\n\n\t\t\t\t\t\t\t\t\t\t\t<span class=\"elementor-icon-list-text\">Training<\/span>\n\t\t\t\t\t\t\t\t\t\t\t<\/a>\n\t\t\t\t\t\t\t\t\t<\/li>\n\t\t\t\t\t\t\t\t<li class=\"elementor-icon-list-item elementor-inline-item\">\n\t\t\t\t\t\t\t\t\t\t\t<a href=\"https:\/\/foretnature.be\/en\/foret-vivante\/ressources\/\">\n\n\t\t\t\t\t\t\t\t\t\t\t<span class=\"elementor-icon-list-text\">Ressources<\/span>\n\t\t\t\t\t\t\t\t\t\t\t<\/a>\n\t\t\t\t\t\t\t\t\t<\/li>\n\t\t\t\t\t\t\t\t<li class=\"elementor-icon-list-item elementor-inline-item\">\n\t\t\t\t\t\t\t\t\t\t\t<a href=\"https:\/\/foretnature.be\/en\/foret-vivante\/pro-silva-compartiments-pilotes\/\">\n\n\t\t\t\t\t\t\t\t\t\t\t<span class=\"elementor-icon-list-text\">Pilot forest compartments<\/span>\n\t\t\t\t\t\t\t\t\t\t\t<\/a>\n\t\t\t\t\t\t\t\t\t<\/li>\n\t\t\t\t\t\t\t\t<li class=\"elementor-icon-list-item elementor-inline-item\">\n\t\t\t\t\t\t\t\t\t\t\t<a href=\"https:\/\/foretnature.be\/en\/foret-vivante\/foret-reference\/\">\n\n\t\t\t\t\t\t\t\t\t\t\t<span class=\"elementor-icon-list-text\">Reference forests CCF<\/span>\n\t\t\t\t\t\t\t\t\t\t\t<\/a>\n\t\t\t\t\t\t\t\t\t<\/li>\n\t\t\t\t\t\t\t\t<li class=\"elementor-icon-list-item elementor-inline-item\">\n\t\t\t\t\t\t\t\t\t\t\t<a href=\"https:\/\/foretnature.be\/en\/foret-vivante\/biodiversite\/\">\n\n\t\t\t\t\t\t\t\t\t\t\t<span class=\"elementor-icon-list-text\">Biodiversity<\/span>\n\t\t\t\t\t\t\t\t\t\t\t<\/a>\n\t\t\t\t\t\t\t\t\t<\/li>\n\t\t\t\t\t\t\t\t<li class=\"elementor-icon-list-item elementor-inline-item\">\n\t\t\t\t\t\t\t\t\t\t\t<a href=\"https:\/\/foretnature.be\/en\/foret-vivante\/lisieres\/\">\n\n\t\t\t\t\t\t\t\t\t\t\t<span class=\"elementor-icon-list-text\">Lisi\u00e8res<\/span>\n\t\t\t\t\t\t\t\t\t\t\t<\/a>\n\t\t\t\t\t\t\t\t\t<\/li>\n\t\t\t\t\t\t\t\t<li class=\"elementor-icon-list-item elementor-inline-item\">\n\t\t\t\t\t\t\t\t\t\t\t<a href=\"https:\/\/foretnature.be\/en\/foret-vivante\/bois-mort-et-dendromicrohabitat\/\">\n\n\t\t\t\t\t\t\t\t\t\t\t<span class=\"elementor-icon-list-text\">Bois mort et dendromicrohabitat<\/span>\n\t\t\t\t\t\t\t\t\t\t\t<\/a>\n\t\t\t\t\t\t\t\t\t<\/li>\n\t\t\t\t\t\t<\/ul>\n\t\t\t\t<\/div>\n\t\t\t\t<\/div>\n\t\t\t\t\t<\/div>\n\t\t<\/div>\n\t\t\t\t\t<\/div>\n\t\t<\/section>\n\t\t\t\t<section class=\"elementor-section elementor-top-section elementor-element elementor-element-27042a4 elementor-section-boxed elementor-section-height-default elementor-section-height-default\" data-id=\"27042a4\" data-element_type=\"section\">\n\t\t\t\t\t\t<div class=\"elementor-container elementor-column-gap-default\">\n\t\t\t\t\t<div class=\"elementor-column elementor-col-50 elementor-top-column elementor-element elementor-element-ecc9e5d\" data-id=\"ecc9e5d\" data-element_type=\"column\">\n\t\t\t<div class=\"elementor-widget-wrap elementor-element-populated\">\n\t\t\t\t\t\t<div class=\"elementor-element elementor-element-71c9710 elementor-widget elementor-widget-text-editor\" data-id=\"71c9710\" data-element_type=\"widget\" data-widget_type=\"text-editor.default\">\n\t\t\t\t<div class=\"elementor-widget-container\">\n\t\t\t<style>\/*! elementor - v3.23.0 - 05-08-2024 *\/\n.elementor-widget-text-editor.elementor-drop-cap-view-stacked .elementor-drop-cap{background-color:#69727d;color:#fff}.elementor-widget-text-editor.elementor-drop-cap-view-framed .elementor-drop-cap{color:#69727d;border:3px solid;background-color:transparent}.elementor-widget-text-editor:not(.elementor-drop-cap-view-default) .elementor-drop-cap{margin-top:8px}.elementor-widget-text-editor:not(.elementor-drop-cap-view-default) .elementor-drop-cap-letter{width:1em;height:1em}.elementor-widget-text-editor .elementor-drop-cap{float:left;text-align:center;line-height:1;font-size:50px}.elementor-widget-text-editor .elementor-drop-cap-letter{display:inline-block}<\/style>\t\t\t\t<p>The 33 pilot compartments are plots established and monitored by For\u00eat.Nature in public forests (one per municipality).  We are recording all actions and data linked to the management of these plots over the long term.<\/p><p>These pilot compartments make it possible to operationally document the implementation of this forestry and simultaneously serve as an exemplary plots for training officers.<\/p><p>The information is accumulated and presented on the website <strong><a href=\"http:\/\/www.prosilvadnf.be\" target=\"_blank\" rel=\"noopener\">prosilvadnf.be<\/a><\/strong> (access restricted to the DNF).<\/p>\t\t\t\t\t\t<\/div>\n\t\t\t\t<\/div>\n\t\t\t\t<div class=\"elementor-element elementor-element-da45e1c elementor-mobile-align-center elementor-widget elementor-widget-button\" data-id=\"da45e1c\" data-element_type=\"widget\" data-widget_type=\"button.default\">\n\t\t\t\t<div class=\"elementor-widget-container\">\n\t\t\t\t\t<div class=\"elementor-button-wrapper\">\n\t\t\t<a class=\"elementor-button elementor-button-link elementor-size-sm\" href=\"https:\/\/foretnature.be\/wp-content\/uploads\/2022\/07\/compartiment-pilote_Virton.pdf\" target=\"_blank\">\n\t\t\t\t\t\t<span class=\"elementor-button-content-wrapper\">\n\t\t\t\t\t\t\t\t\t<span class=\"elementor-button-text\">Example of a pilot compartment<\/span>\n\t\t\t\t\t<\/span>\n\t\t\t\t\t<\/a>\n\t\t<\/div>\n\t\t\t\t<\/div>\n\t\t\t\t<\/div>\n\t\t\t\t\t<\/div>\n\t\t<\/div>\n\t\t\t\t<div class=\"elementor-column elementor-col-50 elementor-top-column elementor-element elementor-element-e1577b6\" data-id=\"e1577b6\" data-element_type=\"column\">\n\t\t\t<div class=\"elementor-widget-wrap elementor-element-populated\">\n\t\t\t\t\t\t<div class=\"elementor-element elementor-element-4631be5 elementor-widget elementor-widget-image\" data-id=\"4631be5\" data-element_type=\"widget\" data-widget_type=\"image.default\">\n\t\t\t\t<div class=\"elementor-widget-container\">\n\t\t\t<style>\/*! elementor - v3.23.0 - 05-08-2024 *\/\n.elementor-widget-image{text-align:center}.elementor-widget-image a{display:inline-block}.elementor-widget-image a img[src$=\".svg\"]{width:48px}.elementor-widget-image img{vertical-align:middle;display:inline-block}<\/style>\t\t\t\t\t\t\t\t\t\t<img fetchpriority=\"high\" decoding=\"async\" width=\"800\" height=\"462\" src=\"https:\/\/foretnature.be\/wp-content\/uploads\/2022\/07\/compPilote-1024x591.png\" class=\"attachment-large size-large wp-image-36088\" alt=\"\" srcset=\"https:\/\/foretnature.be\/wp-content\/uploads\/2022\/07\/compPilote-1024x591.png 1024w, https:\/\/foretnature.be\/wp-content\/uploads\/2022\/07\/compPilote-300x173.png 300w, https:\/\/foretnature.be\/wp-content\/uploads\/2022\/07\/compPilote-768x443.png 768w, https:\/\/foretnature.be\/wp-content\/uploads\/2022\/07\/compPilote-1536x887.png 1536w, https:\/\/foretnature.be\/wp-content\/uploads\/2022\/07\/compPilote-2048x1182.png 2048w, https:\/\/foretnature.be\/wp-content\/uploads\/2022\/07\/compPilote.png 1600w\" sizes=\"(max-width: 800px) 100vw, 800px\" \/>\t\t\t\t\t\t\t\t\t\t\t\t\t<\/div>\n\t\t\t\t<\/div>\n\t\t\t\t\t<\/div>\n\t\t<\/div>\n\t\t\t\t\t<\/div>\n\t\t<\/section>\n\t\t\t\t<section class=\"elementor-section elementor-top-section elementor-element elementor-element-ae47a3a elementor-section-boxed elementor-section-height-default elementor-section-height-default\" data-id=\"ae47a3a\" data-element_type=\"section\">\n\t\t\t\t\t\t<div class=\"elementor-container elementor-column-gap-default\">\n\t\t\t\t\t<div class=\"elementor-column elementor-col-100 elementor-top-column elementor-element elementor-element-056d697\" data-id=\"056d697\" data-element_type=\"column\">\n\t\t\t<div class=\"elementor-widget-wrap elementor-element-populated\">\n\t\t\t\t\t\t<div class=\"elementor-element elementor-element-537009f elementor-widget elementor-widget-heading\" data-id=\"537009f\" data-element_type=\"widget\" data-widget_type=\"heading.default\">\n\t\t\t\t<div class=\"elementor-widget-container\">\n\t\t\t<h3 class=\"elementor-heading-title elementor-size-default\">contact<\/h3>\t\t<\/div>\n\t\t\t\t<\/div>\n\t\t\t\t<div class=\"elementor-element elementor-element-5978381 elementor-widget elementor-widget-image\" data-id=\"5978381\" data-element_type=\"widget\" data-widget_type=\"image.default\">\n\t\t\t\t<div class=\"elementor-widget-container\">\n\t\t\t\t\t\t\t\t\t\t\t\t\t\t<a href=\"mailto:c.sanchez@foretnature.be\">\n\t\t\t\t\t\t\t<img decoding=\"async\" width=\"150\" height=\"150\" src=\"https:\/\/foretnature.be\/wp-content\/uploads\/2021\/03\/CS-150x150.jpg\" class=\"elementor-animation-float attachment-thumbnail size-thumbnail wp-image-32408\" alt=\"\" srcset=\"https:\/\/foretnature.be\/wp-content\/uploads\/2021\/03\/CS-150x150.jpg 150w, https:\/\/foretnature.be\/wp-content\/uploads\/2021\/03\/CS-300x300.jpg 300w, https:\/\/foretnature.be\/wp-content\/uploads\/2021\/03\/CS-768x766.jpg 768w, https:\/\/foretnature.be\/wp-content\/uploads\/2021\/03\/CS.jpg 959w\" sizes=\"(max-width: 150px) 100vw, 150px\" \/>\t\t\t\t\t\t\t\t<\/a>\n\t\t\t\t\t\t\t\t\t\t\t\t\t<\/div>\n\t\t\t\t<\/div>\n\t\t\t\t<div class=\"elementor-element elementor-element-ed7429c elementor-widget elementor-widget-heading\" data-id=\"ed7429c\" data-element_type=\"widget\" data-widget_type=\"heading.default\">\n\t\t\t\t<div class=\"elementor-widget-container\">\n\t\t\t<p class=\"elementor-heading-title elementor-size-default\"><a href=\"mailto:c.sanchez@foretnature.be\">Christine Sanchez<\/a><\/p>\t\t<\/div>\n\t\t\t\t<\/div>\n\t\t\t\t<div class=\"elementor-element elementor-element-7aa6297 elementor-view-default elementor-widget elementor-widget-icon\" data-id=\"7aa6297\" data-element_type=\"widget\" data-widget_type=\"icon.default\">\n\t\t\t\t<div class=\"elementor-widget-container\">\n\t\t\t\t\t<div class=\"elementor-icon-wrapper\">\n\t\t\t<a class=\"elementor-icon\" href=\"mailto:c.sanchez@foretnature.be\">\n\t\t\t<i aria-hidden=\"true\" class=\"icon icon-envelope2\"><\/i>\t\t\t<\/a>\n\t\t<\/div>\n\t\t\t\t<\/div>\n\t\t\t\t<\/div>\n\t\t\t\t\t<\/div>\n\t\t<\/div>\n\t\t\t\t\t<\/div>\n\t\t<\/section>\n\t\t\t\t<\/div>","protected":false},"excerpt":{"rendered":"<p>Compartiments pilotes Sylviculture M\u00e9lang\u00e9e \u00e0 Couvert Continu Se lancer en SMCC Accompagnement Formations Ressources Compartiments pilotes For\u00eats de r\u00e9f\u00e9rence SMCC Biodiversit\u00e9 Lisi\u00e8res Bois mort et dendromicrohabitat Les 33 compartiments pilotes sont des parcelles install\u00e9es et suivies par For\u00eat.Nature en for\u00eat publique (un par cantonnement). \u00a0Nous enregistrons l\u2019ensemble des actes et donn\u00e9es li\u00e9s \u00e0 la gestion [&hellip;]<\/p>","protected":false},"author":1,"featured_media":0,"parent":28909,"menu_order":0,"comment_status":"closed","ping_status":"closed","template":"","meta":{"_acf_changed":false,"_monsterinsights_skip_tracking":false,"_monsterinsights_sitenote_active":false,"_monsterinsights_sitenote_note":"","_monsterinsights_sitenote_category":0,"footnotes":""},"acf":[],"yoast_head":"<!-- This site is optimized with the Yoast SEO plugin v23.2 - https:\/\/yoast.com\/wordpress\/plugins\/seo\/ -->\n<title>Compartiments pilotes - For\u00eat.Nature<\/title>\n<meta name=\"robots\" content=\"index, follow, max-snippet:-1, max-image-preview:large, max-video-preview:-1\" \/>\n<link rel=\"canonical\" href=\"https:\/\/foretnature.be\/en\/foret-vivante\/pro-silva-compartiments-pilotes\/\" \/>\n<meta property=\"og:locale\" content=\"en_GB\" \/>\n<meta property=\"og:type\" content=\"article\" \/>\n<meta property=\"og:title\" content=\"Compartiments pilotes - For\u00eat.Nature\" \/>\n<meta property=\"og:description\" content=\"Compartiments pilotes Sylviculture M\u00e9lang\u00e9e \u00e0 Couvert Continu Se lancer en SMCC Accompagnement Formations Ressources Compartiments pilotes For\u00eats de r\u00e9f\u00e9rence SMCC Biodiversit\u00e9 Lisi\u00e8res Bois mort et dendromicrohabitat Les 33 compartiments pilotes sont des parcelles install\u00e9es et suivies par For\u00eat.Nature en for\u00eat publique (un par cantonnement). \u00a0Nous enregistrons l\u2019ensemble des actes et donn\u00e9es li\u00e9s \u00e0 la gestion [&hellip;]\" \/>\n<meta property=\"og:url\" content=\"https:\/\/foretnature.be\/en\/foret-vivante\/pro-silva-compartiments-pilotes\/\" \/>\n<meta property=\"og:site_name\" content=\"For\u00eat.Nature\" \/>\n<meta property=\"article:modified_time\" content=\"2025-12-19T11:37:13+00:00\" \/>\n<meta property=\"og:image\" content=\"http:\/\/foretnature.be\/wp-content\/uploads\/2022\/07\/compPilote-1024x591.png\" \/>\n<meta name=\"twitter:card\" content=\"summary_large_image\" \/>\n<meta name=\"twitter:label1\" content=\"Estimated reading time\" \/>\n\t<meta name=\"twitter:data1\" content=\"1 minute\" \/>\n<script type=\"application\/ld+json\" class=\"yoast-schema-graph\">{\"@context\":\"https:\/\/schema.org\",\"@graph\":[{\"@type\":\"WebPage\",\"@id\":\"https:\/\/foretnature.be\/foret-vivante\/pro-silva-compartiments-pilotes\/\",\"url\":\"https:\/\/foretnature.be\/foret-vivante\/pro-silva-compartiments-pilotes\/\",\"name\":\"Compartiments pilotes - For\u00eat.Nature\",\"isPartOf\":{\"@id\":\"https:\/\/foretnature.be\/en\/#website\"},\"primaryImageOfPage\":{\"@id\":\"https:\/\/foretnature.be\/foret-vivante\/pro-silva-compartiments-pilotes\/#primaryimage\"},\"image\":{\"@id\":\"https:\/\/foretnature.be\/foret-vivante\/pro-silva-compartiments-pilotes\/#primaryimage\"},\"thumbnailUrl\":\"http:\/\/foretnature.be\/wp-content\/uploads\/2022\/07\/compPilote-1024x591.png\",\"datePublished\":\"2021-02-01T14:41:46+00:00\",\"dateModified\":\"2025-12-19T11:37:13+00:00\",\"breadcrumb\":{\"@id\":\"https:\/\/foretnature.be\/foret-vivante\/pro-silva-compartiments-pilotes\/#breadcrumb\"},\"inLanguage\":\"en-GB\",\"potentialAction\":[{\"@type\":\"ReadAction\",\"target\":[\"https:\/\/foretnature.be\/foret-vivante\/pro-silva-compartiments-pilotes\/\"]}]},{\"@type\":\"ImageObject\",\"inLanguage\":\"en-GB\",\"@id\":\"https:\/\/foretnature.be\/foret-vivante\/pro-silva-compartiments-pilotes\/#primaryimage\",\"url\":\"http:\/\/foretnature.be\/wp-content\/uploads\/2022\/07\/compPilote-1024x591.png\",\"contentUrl\":\"http:\/\/foretnature.be\/wp-content\/uploads\/2022\/07\/compPilote-1024x591.png\"},{\"@type\":\"BreadcrumbList\",\"@id\":\"https:\/\/foretnature.be\/foret-vivante\/pro-silva-compartiments-pilotes\/#breadcrumb\",\"itemListElement\":[{\"@type\":\"ListItem\",\"position\":1,\"name\":\"Home\",\"item\":\"https:\/\/foretnature.be\/en\/\"},{\"@type\":\"ListItem\",\"position\":2,\"name\":\"For\u00eat vivante\",\"item\":\"https:\/\/foretnature.be\/en\/foret-vivante\/\"},{\"@type\":\"ListItem\",\"position\":3,\"name\":\"Compartiments pilotes\"}]},{\"@type\":\"WebSite\",\"@id\":\"https:\/\/foretnature.be\/en\/#website\",\"url\":\"https:\/\/foretnature.be\/en\/\",\"name\":\"For\u00eat.Nature\",\"description\":\"Une \u00e9quipe technique au service de la for\u00eat\",\"publisher\":{\"@id\":\"https:\/\/foretnature.be\/en\/#organization\"},\"potentialAction\":[{\"@type\":\"SearchAction\",\"target\":{\"@type\":\"EntryPoint\",\"urlTemplate\":\"https:\/\/foretnature.be\/en\/?s={search_term_string}\"},\"query-input\":\"required name=search_term_string\"}],\"inLanguage\":\"en-GB\"},{\"@type\":\"Organization\",\"@id\":\"https:\/\/foretnature.be\/en\/#organization\",\"name\":\"For\u00eat.Nature\",\"url\":\"https:\/\/foretnature.be\/en\/\",\"logo\":{\"@type\":\"ImageObject\",\"inLanguage\":\"en-GB\",\"@id\":\"https:\/\/foretnature.be\/en\/#\/schema\/logo\/image\/\",\"url\":\"https:\/\/foretnature.be\/wp-content\/uploads\/2021\/01\/logoFOblanc.png\",\"contentUrl\":\"https:\/\/foretnature.be\/wp-content\/uploads\/2021\/01\/logoFOblanc.png\",\"width\":300,\"height\":151,\"caption\":\"For\u00eat.Nature\"},\"image\":{\"@id\":\"https:\/\/foretnature.be\/en\/#\/schema\/logo\/image\/\"}}]}<\/script>\n<!-- \/ Yoast SEO plugin. -->","yoast_head_json":{"title":"Compartiments pilotes - For\u00eat.Nature","robots":{"index":"index","follow":"follow","max-snippet":"max-snippet:-1","max-image-preview":"max-image-preview:large","max-video-preview":"max-video-preview:-1"},"canonical":"https:\/\/foretnature.be\/en\/foret-vivante\/pro-silva-compartiments-pilotes\/","og_locale":"en_GB","og_type":"article","og_title":"Compartiments pilotes - For\u00eat.Nature","og_description":"Compartiments pilotes Sylviculture M\u00e9lang\u00e9e \u00e0 Couvert Continu Se lancer en SMCC Accompagnement Formations Ressources Compartiments pilotes For\u00eats de r\u00e9f\u00e9rence SMCC Biodiversit\u00e9 Lisi\u00e8res Bois mort et dendromicrohabitat Les 33 compartiments pilotes sont des parcelles install\u00e9es et suivies par For\u00eat.Nature en for\u00eat publique (un par cantonnement). \u00a0Nous enregistrons l\u2019ensemble des actes et donn\u00e9es li\u00e9s \u00e0 la gestion [&hellip;]","og_url":"https:\/\/foretnature.be\/en\/foret-vivante\/pro-silva-compartiments-pilotes\/","og_site_name":"For\u00eat.Nature","article_modified_time":"2025-12-19T11:37:13+00:00","og_image":[{"url":"http:\/\/foretnature.be\/wp-content\/uploads\/2022\/07\/compPilote-1024x591.png"}],"twitter_card":"summary_large_image","twitter_misc":{"Estimated reading time":"1 minute"},"schema":{"@context":"https:\/\/schema.org","@graph":[{"@type":"WebPage","@id":"https:\/\/foretnature.be\/foret-vivante\/pro-silva-compartiments-pilotes\/","url":"https:\/\/foretnature.be\/foret-vivante\/pro-silva-compartiments-pilotes\/","name":"Compartiments pilotes - For\u00eat.Nature","isPartOf":{"@id":"https:\/\/foretnature.be\/en\/#website"},"primaryImageOfPage":{"@id":"https:\/\/foretnature.be\/foret-vivante\/pro-silva-compartiments-pilotes\/#primaryimage"},"image":{"@id":"https:\/\/foretnature.be\/foret-vivante\/pro-silva-compartiments-pilotes\/#primaryimage"},"thumbnailUrl":"http:\/\/foretnature.be\/wp-content\/uploads\/2022\/07\/compPilote-1024x591.png","datePublished":"2021-02-01T14:41:46+00:00","dateModified":"2025-12-19T11:37:13+00:00","breadcrumb":{"@id":"https:\/\/foretnature.be\/foret-vivante\/pro-silva-compartiments-pilotes\/#breadcrumb"},"inLanguage":"en-GB","potentialAction":[{"@type":"ReadAction","target":["https:\/\/foretnature.be\/foret-vivante\/pro-silva-compartiments-pilotes\/"]}]},{"@type":"ImageObject","inLanguage":"en-GB","@id":"https:\/\/foretnature.be\/foret-vivante\/pro-silva-compartiments-pilotes\/#primaryimage","url":"http:\/\/foretnature.be\/wp-content\/uploads\/2022\/07\/compPilote-1024x591.png","contentUrl":"http:\/\/foretnature.be\/wp-content\/uploads\/2022\/07\/compPilote-1024x591.png"},{"@type":"BreadcrumbList","@id":"https:\/\/foretnature.be\/foret-vivante\/pro-silva-compartiments-pilotes\/#breadcrumb","itemListElement":[{"@type":"ListItem","position":1,"name":"Home","item":"https:\/\/foretnature.be\/en\/"},{"@type":"ListItem","position":2,"name":"For\u00eat vivante","item":"https:\/\/foretnature.be\/en\/foret-vivante\/"},{"@type":"ListItem","position":3,"name":"Compartiments pilotes"}]},{"@type":"WebSite","@id":"https:\/\/foretnature.be\/en\/#website","url":"https:\/\/foretnature.be\/en\/","name":"For\u00eat.Nature","description":"Une \u00e9quipe technique au service de la for\u00eat","publisher":{"@id":"https:\/\/foretnature.be\/en\/#organization"},"potentialAction":[{"@type":"SearchAction","target":{"@type":"EntryPoint","urlTemplate":"https:\/\/foretnature.be\/en\/?s={search_term_string}"},"query-input":"required name=search_term_string"}],"inLanguage":"en-GB"},{"@type":"Organization","@id":"https:\/\/foretnature.be\/en\/#organization","name":"For\u00eat.Nature","url":"https:\/\/foretnature.be\/en\/","logo":{"@type":"ImageObject","inLanguage":"en-GB","@id":"https:\/\/foretnature.be\/en\/#\/schema\/logo\/image\/","url":"https:\/\/foretnature.be\/wp-content\/uploads\/2021\/01\/logoFOblanc.png","contentUrl":"https:\/\/foretnature.be\/wp-content\/uploads\/2021\/01\/logoFOblanc.png","width":300,"height":151,"caption":"For\u00eat.Nature"},"image":{"@id":"https:\/\/foretnature.be\/en\/#\/schema\/logo\/image\/"}}]}},"_links":{"self":[{"href":"https:\/\/foretnature.be\/en\/wp-json\/wp\/v2\/pages\/29131"}],"collection":[{"href":"https:\/\/foretnature.be\/en\/wp-json\/wp\/v2\/pages"}],"about":[{"href":"https:\/\/foretnature.be\/en\/wp-json\/wp\/v2\/types\/page"}],"author":[{"embeddable":true,"href":"https:\/\/foretnature.be\/en\/wp-json\/wp\/v2\/users\/1"}],"replies":[{"embeddable":true,"href":"https:\/\/foretnature.be\/en\/wp-json\/wp\/v2\/comments?post=29131"}],"version-history":[{"count":47,"href":"https:\/\/foretnature.be\/en\/wp-json\/wp\/v2\/pages\/29131\/revisions"}],"predecessor-version":[{"id":46127,"href":"https:\/\/foretnature.be\/en\/wp-json\/wp\/v2\/pages\/29131\/revisions\/46127"}],"up":[{"embeddable":true,"href":"https:\/\/foretnature.be\/en\/wp-json\/wp\/v2\/pages\/28909"}],"wp:attachment":[{"href":"https:\/\/foretnature.be\/en\/wp-json\/wp\/v2\/media?parent=29131"}],"curies":[{"name":"wp","href":"https:\/\/api.w.org\/{rel}","templated":true}]}}